{"id":8,"date":"2021-01-04T00:34:13","date_gmt":"2021-01-04T03:34:13","guid":{"rendered":"https:\/\/gepease.com.br\/seminario3\/?page_id=8"},"modified":"2024-02-16T19:19:10","modified_gmt":"2024-02-16T22:19:10","slug":"apresentacao","status":"publish","type":"page","link":"https:\/\/gepease.com.br\/seminario3\/","title":{"rendered":"Apresenta\u00e7\u00e3o"},"content":{"rendered":"\t\t<div data-elementor-type=\"wp-page\" data-elementor-id=\"8\" class=\"elementor elementor-8\" data-elementor-settings=\"[]\">\n\t\t\t\t\t\t<div class=\"elementor-inner\">\n\t\t\t\t\t\t\t<div class=\"elementor-section-wrap\">\n\t\t\t\t\t\t\t<section class=\"elementor-section elementor-top-section elementor-element elementor-element-29939d9f elementor-section-boxed elementor-section-height-default elementor-section-height-default\" data-id=\"29939d9f\" data-element_type=\"section\">\n\t\t\t\t\t\t<div class=\"elementor-container elementor-column-gap-default\">\n\t\t\t\t\t\t\t<div class=\"elementor-row\">\n\t\t\t\t\t<div class=\"elementor-column elementor-col-100 elementor-top-column elementor-element elementor-element-619cb9b0\" data-id=\"619cb9b0\" data-element_type=\"column\">\n\t\t\t<div class=\"elementor-column-wrap elementor-element-populated\">\n\t\t\t\t\t\t\t<div class=\"elementor-widget-wrap\">\n\t\t\t\t\t\t<div class=\"elementor-element elementor-element-7735eac1 elementor-widget elementor-widget-text-editor\" data-id=\"7735eac1\" data-element_type=\"widget\" data-widget_type=\"text-editor.default\">\n\t\t\t\t<div class=\"elementor-widget-container\">\n\t\t\t\t\t<div class=\"elementor-text-editor elementor-clearfix\"><p><!-- wp:paragraph --><\/p>\n<p style=\"text-align: justify;\" align=\"justify\">O Encontro Sergipano de Educa\u00e7\u00e3o Ambiental \u00e9 um evento que, a partir de 2011, tornou-se bianual, sendo promovido pelo Grupo de Estudos e Pesquisa em Educa\u00e7\u00e3o Ambiental de Sergipe (GEPEASE) e pelo Projeto Sala Verde na UFS.<\/p>\n<p style=\"text-align: justify;\" align=\"justify\">Pretende agregar pessoas que vem estudando, pesquisando e trabalhando com Educa\u00e7\u00e3o Ambiental formal, n\u00e3o formal e informal, e\/ou que tenham interesse na tem\u00e1tica para apresentarem suas propostas, bem como participar de um momento de reflex\u00e3o coletiva na perspectiva de constru\u00e7\u00e3o de novos rumos \u00e0 atua\u00e7\u00e3o na Educa\u00e7\u00e3o Ambiental no estado de Sergipe. <\/p>\n<p style=\"text-align: justify;\" align=\"justify\">Em sua primeira vers\u00e3o (2008), o ESEA buscou refletir sobre os \u201cDiferentes olhares e perspectivas em Educa\u00e7\u00e3o Ambiental nos \u00e2mbitos formal, n\u00e3o formal e informal\u201d. Neste primeiro ano foram efetuadas 268 inscri\u00e7\u00f5es, com 50 trabalhos apresentados nos diferentes eixos tem\u00e1ticos sugeridos <br \/>pelo evento. A segunda vers\u00e3o (2009), trouxe a reflex\u00e3o sobre os prop\u00f3sitos da educa\u00e7\u00e3o tendo como tema central \u201cEduca\u00e7\u00e3o Ambiental cr\u00edtica frente aos desafios do s\u00e9culo XXI\u201d, justificando-se pela emerg\u00eancia em se desenvolver uma nova mentalidade de educa\u00e7\u00e3o em um contexto onde a sociedade vive uma crise de \u00e2mbito social, ambiental e moral. Nesta foi contabilizado um p\u00fablico de 272 inscritos, com 61 trabalhos apresentados nas diferentes modalidades sugeridas. <\/p>\n<p style=\"text-align: justify;\" align=\"justify\">Nessas duas edi\u00e7\u00f5es anteriores, o evento contou com a contribui\u00e7\u00e3o de palestrantes e professores para comiss\u00e3o cient\u00edfica de outras institui\u00e7\u00f5es de ensino superior do Brasil, al\u00e9m de contar com a participa\u00e7\u00e3o de pessoas diferentes estados brasileiros.\u00a0<\/p>\n<p style=\"text-align: justify;\" align=\"justify\">Em sua terceira vers\u00e3o, a se realizar no per\u00edodo de 22 a 26 de novembro de 2011, o evento prop\u00f5e a reflex\u00e3o sobre a Educa\u00e7\u00e3o Ambiental no Ensino, Pesquisa e Extens\u00e3o no estado de Sergipe. Esse tema foi proposto na perspectiva de fomentar a discuss\u00e3o e a reflex\u00e3o sobre a urg\u00eancia de se pensar a educa\u00e7\u00e3o ambiental no contexto de forma\u00e7\u00e3o profissional para os diferentes espa\u00e7os da sociedade, contribuindo, assim, para a inser\u00e7\u00e3o das quest\u00f5es relacionadas \u00e0 nova vis\u00e3o de mundo e de forma\u00e7\u00e3o de modo institucional. <\/p>\n<p style=\"text-align: justify;\" align=\"justify\">Muitas vezes as discuss\u00f5es que relacionam o campo espec\u00edfico de forma\u00e7\u00e3o profissional com as quest\u00f5es ambientais pairam apenas sobre quest\u00f5es de legisla\u00e7\u00e3o espec\u00edficas de cada \u00e1rea. Todavia, n\u00e3o \u00e9 desta forma que se deve compreender a Educa\u00e7\u00e3o Ambiental. Este evento, por sua vez, vislumbra suscitar esta discuss\u00e3o para que seja socializado com os participantes as diversas vertentes que a universidade aborda no ensino, na pesquisa e na extens\u00e3o. <\/p>\n<p style=\"text-align: justify;\" align=\"justify\">O futuro de todos os seres vivos depende da mudan\u00e7a de como se vive no mundo hoje. Faz-se necess\u00e1rio, portanto, ultrapassarmos o antropocentrismo e aprendermos atrav\u00e9s da alfabetiza\u00e7\u00e3o ecol\u00f3gica como viver em contato com a natureza, n\u00e3o mais hierarquicamente, mas com a percep\u00e7\u00e3o de que fazemos parte de tudo o que \u00e9 vivo, reaprendendo a olhar para o planeta como gaia. <\/p>\n<p style=\"text-align: justify;\" align=\"justify\">Considerando que a Educa\u00e7\u00e3o \u00e9 um dos principais caminhos para este aprendizado, convidamos a todos (as) interessados (as) em participar do 3\u00ba Encontro Sergipano de Educa\u00e7\u00e3o Ambiental. As discuss\u00f5es realizadas pelos especialistas e participantes do encontro servir\u00e3o como base de propostas e projetos a serem desenvolvidos na Educa\u00e7\u00e3o Ambiental Formal (nas escolas e faculdades), n\u00e3o formal e informal. Neste sentido, \u00e9 fundamental a participa\u00e7\u00e3o de todos (as) interessados (as) nesse evento a fim de construirmos coletivamente alternativas para a vida profissional e pessoal, al\u00e9m do fato de que cada um (uma) representa uma grande contribui\u00e7\u00e3o para a mudan\u00e7a necess\u00e1ria.<\/p>\n<p><!-- \/wp:paragraph --><\/p><\/div>\n\t\t\t\t<\/div>\n\t\t\t\t<\/div>\n\t\t\t\t\t\t<\/div>\n\t\t\t\t\t<\/div>\n\t\t<\/div>\n\t\t\t\t\t\t\t\t<\/div>\n\t\t\t\t\t<\/div>\n\t\t<\/section>\n\t\t\t\t\t\t<\/div>\n\t\t\t\t\t\t<\/div>\n\t\t\t\t\t<\/div>\n\t\t","protected":false},"excerpt":{"rendered":"<p>O Encontro Sergipano de Educa\u00e7\u00e3o Ambiental \u00e9 um evento que, a partir de 2011, tornou-se bianual, sendo promovido pelo Grupo de Estudos e Pesquisa em Educa\u00e7\u00e3o Ambiental de Sergipe (GEPEASE)<\/p>\n","protected":false},"author":1,"featured_media":0,"parent":0,"menu_order":0,"comment_status":"closed","ping_status":"closed","template":"","meta":[],"_links":{"self":[{"href":"https:\/\/gepease.com.br\/seminario3\/index.php\/wp-json\/wp\/v2\/pages\/8"}],"collection":[{"href":"https:\/\/gepease.com.br\/seminario3\/index.php\/wp-json\/wp\/v2\/pages"}],"about":[{"href":"https:\/\/gepease.com.br\/seminario3\/index.php\/wp-json\/wp\/v2\/types\/page"}],"author":[{"embeddable":true,"href":"https:\/\/gepease.com.br\/seminario3\/index.php\/wp-json\/wp\/v2\/users\/1"}],"replies":[{"embeddable":true,"href":"https:\/\/gepease.com.br\/seminario3\/index.php\/wp-json\/wp\/v2\/comments?post=8"}],"version-history":[{"count":19,"href":"https:\/\/gepease.com.br\/seminario3\/index.php\/wp-json\/wp\/v2\/pages\/8\/revisions"}],"predecessor-version":[{"id":237,"href":"https:\/\/gepease.com.br\/seminario3\/index.php\/wp-json\/wp\/v2\/pages\/8\/revisions\/237"}],"wp:attachment":[{"href":"https:\/\/gepease.com.br\/seminario3\/index.php\/wp-json\/wp\/v2\/media?parent=8"}],"curies":[{"name":"wp","href":"https:\/\/api.w.org\/{rel}","templated":true}]}}