{"id":12,"date":"2021-01-04T18:06:32","date_gmt":"2021-01-04T21:06:32","guid":{"rendered":"https:\/\/gepease.com.br\/seminario3\/?page_id=12"},"modified":"2024-02-16T14:13:34","modified_gmt":"2024-02-16T17:13:34","slug":"programacao","status":"publish","type":"page","link":"https:\/\/gepease.com.br\/seminario3\/index.php\/programacao\/","title":{"rendered":"Programa\u00e7\u00e3o"},"content":{"rendered":"<p><strong>COMISS\u00c3O ORGANIZADORA<\/strong><\/p>\n<p>Coordena\u00e7\u00e3o do Evento <br \/>Prof.\u00aa M.Sc. Ac\u00e1ssia Cristina Souza \u2013 DGE\/ SALA VERDE\/GEPEASE <br \/>Vice-Coordena\u00e7\u00e3o do Evento<br \/>Profa. Dra. Maria In\u00eaz Oliveira Ara\u00fajo \u2013 DED\/NPGED\/SALA VERDE\/GEPEASE <br \/>Prof. Dr. Paulo S\u00e9rgio Maroti <br \/>Prof\u00aa. M.Sc. Carla Jeane Helfemsteller Coelho <br \/>Prof\u00aa. M.Sc. D\u00e9bora Evangelista Reis Oliveira <br \/>Prof\u00aa. M.Sc. L\u00edvia de Rezende Cardoso <br \/>Prof\u00aa. M.Sc. Maria Ivone Santana Melo Paim <br \/>Prof. Esp. Adriano Sotero da Silva <br \/>Prof\u00aa. Esp. Viviane Almeida Rezende <br \/>Profa. Esp. Isabel Santana Santos <br \/>Prof\u00aa. Aline Lima de Oliveira <br \/>Prof\u00aa Ann Let\u00edcia Arag\u00e3o Guarany <br \/>Prof\u00aa. Camilla Gentil Santana <br \/>Prof\u00aa. Daniele Santana de Melo <br \/>Prof\u00aa. Eliane Terezinha Farias Domingues <br \/>Prof\u00aa. Juliana Barreto Silva Araujo <br \/>Prof\u00aa. Maria Ivanilde Meneses de Oliveira <br \/>Alana Danielly Vasconcelos<br \/>Cherley Jos\u00e9 da Silva <br \/>M\u00f4nica Andrade Modesto <br \/>Rafaelle Camilla dos santos Pinheiro <br \/>Tatiana Ferreira dos Santos <br \/>Thiago Roberto Soares Vieira<br \/>Vanderl\u00e9a da Silva Cardoso <br \/>Walter Brito Santos<\/p>\n<p><strong>COMISS\u00c3O CI\u00caNT\u00cdFICA<\/strong><\/p>\n<p>Prof. Dr. Alexandre de Gusm\u00e3o Pedrini \/ UERJ <br \/>Prof. Dr. Ant\u00f4nio Vital Menezes de Souza \/UFS <br \/>Prof. Dr. Carlos Frederico Bernardo Loureiro\/UFRJ <br \/>Prof. Dr. Fernando Fleury Curado\/EMBRAPA <br \/>Prof. Dr. Marco Ant\u00f4nio Leandro Barzano\/UEFS <br \/>Prof. Dr. Mauro Guimar\u00e3es \/UFRRJ <br \/>Prof. Dr. Paulo S\u00e9rgio Maroti\/UFS-Itabaiana <br \/>Prof. Dr. Ronaldo Gomes Alvim \/ PRODEMA <br \/>Profa. Dra. Laura Jane Gomes\/ DCF\/ PRODEMA-UFS <br \/>Profa. Dra. Maria Concei\u00e7\u00e3o Pereira Ramos\/UNIPORTO\/PT <br \/>Profa. Dra. Maria Helena Zucon \/ DBI\/UFS <br \/>Profa. Dra. Maria In\u00eaz Oliveira Ara\u00fajo\/ DED\/Sala Verde\/UFS <br \/>Profa. Dra. Maria Jos\u00e9 Nascimento Soares\/ DED \/ PRODEMA \/UFS <br \/>Profa. Dra. Maria Neide Sobral \/NPGED\/UFS <br \/>Profa. Dra. Marlene Melo Rios DQI\/UFS <br \/>Profa. Dra. Mich\u00e8le Sato \/ UFMT <br \/>Profa. Dra. Myrna Friederichs Landim \/ DBI\/NPGECIMA\/UFS <br \/>Profa. Dra. Rosemeri Melo e Souza DGE\/PRODEMA\/UFS <br \/>Profa. M.Sc. Ac\u00e1ssia Cristina Souza DGE\/Sala Verde\/ UFS <br \/>Profa. M.Sc.Carla Jeane Helfemsteller Coelho \/ UFBA<br \/>Profa. M.Sc. D\u00e9bora Reis Evangelista Oliveira\/ SEED<br \/>Prof. M.Sc. Fellipe Allan Souza Santos <br \/>Prof. M.Sc. Glauber Alves Barros Costa \/ UESB\/ Vit\u00f3ria da Conquista <br \/>Prof. M.Sc. Matheus Pereira Mattos Felizola\/UFS <br \/>Profa. M.Sc. Ivone Santana Melo Paim \/ UVA\/ GEPEASE<br \/>Profa. M.Sc. Leisit\u00e2nia Nery Teixeira \/ Sala Verde <br \/>Profa. M.Sc. L\u00edvia de Rezende Cardoso \/ UFS &#8211; Itabaiana <br \/>Profa. M.Sc. Maria Ivone Santana Melo Paim \/ Faculdade Pio X <br \/>Profa. M.Sc. Marjorie Medeiros \/ UFRN <br \/>Profa. M.Sc. N\u00e1dia Batista de Jesus\/ Sala Verde <br \/>Profa. M.Sc.Viviane Almeida Rezende\/ Sala Verde\/ SEED<\/p>\n<p><strong>PROGRAMA\u00c7\u00c3O<\/strong><\/p>\n<p>22 DE NOVEMBRO (TER\u00c7A-FEIRA) <br \/>14h \u00e0s 18h00 &#8211; Credenciamento <br \/>Local: Hall da Reitoria <br \/>18h \u00e0s 20h00 &#8211; Abertura do evento e <br \/>Apresenta\u00e7\u00e3o Cultural- ORQUESTRA DA UFS <br \/>Local: Audit\u00f3rio da Reitoria <br \/>20h00 \u00e0s 22h00 &#8211; Confer\u00eancia de Abertura <br \/>Tema: Educa\u00e7\u00e3o Ambiental: Ensino, Pesquisa e Extens\u00e3o <br \/>Conferencista: Prof. Dr. Carlos Frederico Bernardo Loureiro (UFRJ); <br \/>Coord.: Profa. Dra. Laura Jane Gomes (DCF \u2013 UFS) <br \/>Local: Audit\u00f3rio da Reitoria <br \/>23 DE NOVEMBRO (QUARTA-FEIRA) <br \/>8h \u00e0s 10h &#8211; Credenciamento <br \/>Local: Hall da Reitoria <br \/>10h \u00e0s 12h &#8211; Mesa Redonda 1 <br \/>Tema: Educa\u00e7\u00e3o Ambiental e Institucionalidade em Sergipe <br \/>Palestrantes: <br \/>Prof. Dr. L\u00edcio Val\u00e9rio Lima Vieira (SEMARH \u2013 Sergipe);<br \/>Jos\u00e9 Waldson Costa de Andrade (Semear \u2013 Sergipe);<br \/>Jo\u00e1s Oliveira de Menezes (FAFEN \u2013 Sergipe) <br \/>Coord.: Profa. M.Sc. L\u00edvia de Rezende Cardoso (NBI\/UFS \u2013 Itabaiana) <br \/>Local: Audit\u00f3rio da Reitoria <br \/>13h \u00e0s 17h &#8211; Mini-cursos <br \/>17h \u00e0s 21h &#8211; Mini-cursos <br \/>24 DE NOVEMBRO (QUINTA-FEIRA)<br \/>8h \u00e0s 10h &#8211; Comunica\u00e7\u00e3o Oral <\/p>\n<p>10h \u00e0s 12h \u2013 Mesa Redonda 2 <br \/>Tema: Educa\u00e7\u00e3o Ambiental e Diversidades <br \/>Palestrantes: <br \/>Prof. Dr. Ant\u00f4nio Vital Menezes de Souza (DED &#8211; UFS); <br \/>Profa. Dra. S\u00f4nia Meire Santos Azevedo de Jesus (DED &#8211; UFS); <br \/>Profa. Martha Sales Costa (UFS); <br \/>Porfa. M.Sc. Maria da Concei\u00e7\u00e3o Silva Cruz (NEDIC &#8211; SEED); <br \/>Coord.: Prof. Dr. Ronaldo Gomes Alvim (PRODEMA &#8211; UFS) <\/p>\n<p>13h \u00e0s 17h &#8211; Mini-cursos <br \/>17h \u00e0s 21h &#8211; Mini-cursos <br \/>DIA 25 DE NOVEMBRO (SEXTA-FEIRA) <br \/>8h \u00e0s 12h \u2013 Comunica\u00e7\u00e3o Oral <br \/>8h \u00e0s 12h \u2013 Semin\u00e1rio Interno Sala Verde <br \/>14h \u2013 Apresenta\u00e7\u00e3o Cultural I &#8211; Mudan\u00e7a de comportamento para uma qualidade de vida <br \/>saud\u00e1vel (Everton Ferreira do Nascimento) <br \/>Local: Hall da Reitoria <br \/>15h \u00e0s 17h &#8211; Confer\u00eancia de Encerramento <br \/>Tema: Pesquisa que forma na extens\u00e3o da universidade <br \/>Conferencista: Profa. Dra. Martha Trist\u00e3o (UFES) <br \/>Coord.: Profa. M.Sc. Ac\u00e1ssia Cristina Souza (DGE\/Sala Verde\/GEPEASE\/UFS) <br \/>Local: Audit\u00f3rio da Reitoria. <br \/>17h \u2013 Apresenta\u00e7\u00e3o Cultural II \u2013 Meio Ambiente Legal \u2013 Uma Ideia Genial (Grupo Oxente de <br \/>Teatro) <br \/>Local: Hall da Reitoria <br \/>DIA 26 DE NOVEMBRO (S\u00c1BADO) <br \/>8h \u00e0s 12h \u2013 Atividade de campo (Opcional) \u2013 Trilha To-to-t\u00f3 pelo rio Sergipe*. <br \/>*Sujeito a disponibilidade de vagas.<\/p>\n<p><strong>MINI-CURSOS<\/strong><\/p>\n<p>Mini-Curso 1: Educa\u00e7\u00e3o Ambiental como ferramenta para discuss\u00f5es de pr\u00e1ticas sustent\u00e1veis <br \/>Ministrante(s): Ana B\u00e1rbara de Andrade e Edilaine Andrade Melo &#8211; Licenciadas em Ci\u00eancias <br \/>Biol\u00f3gicas pela UFS; Mestrandas em Desenvolvimento e Meio Ambiente \u2013 PRODEMA \/UFS. <br \/>Hor\u00e1rio: 13h \u00e0s 17h<br \/>Dura\u00e7\u00e3o: 8 horas <br \/>Local: 23\/11- Did 06 \u2013 sala 005 <br \/>24\/11- Did 06 \u2013 sala 005<br \/>Mini-Curso 2: Estrat\u00e9gias Metodol\u00f3gicas em Projetos de Educa\u00e7\u00e3o Ambiental<br \/>Ministrante(s): Adriano Sotero da Silva &#8211; Pedagogo pela UFRPE, Mestrando pela UFS e Rosa Maria <br \/>Saraiva &#8211; Pedagoga pela UFPA e Mestre,desenvolvimento Local e Extens\u00e3o Rural pela UFRPE. <br \/>Hor\u00e1rio: 13h \u00e0s 17h <br \/>Dura\u00e7\u00e3o: 8 horas <br \/>Local: 23\/11 \u2013 Did 06 \u2013 sala 007 <br \/>24\/11 \u2013 Did 06 \u2013 sala 105 <br \/>Mini-Curso 3: Gest\u00e3o de Recursos H\u00eddricos e as suas Conseq\u00fc\u00eancias no Meio Ambiente <br \/>Ministrante(s): Cristyano Ayres Machado &#8211; Bi\u00f3logo; Alda Lisboa de Matos \u2013 Ge\u00f3grafa; Neuma R\u00fabia <br \/>F. Santana \u2013 Bi\u00f3loga e Josiene Ferreira dos Santos Lima &#8211; Tecn\u00f3loga em Saneamento Ambiental; <br \/>Todos componentes do Grupo de Pesquisa Acqua UFS e mestrandos pelo PRODEMA. <br \/>Hor\u00e1rio: 13h \u00e0s 17h <br \/>Dura\u00e7\u00e3o: 8 horas <br \/>Local: 23\/11- Did 06 \u2013 sala 009 <br \/>24\/11- Did 06 \u2013 sala 009<br \/>Mini-Curso 4: Programa de Ensino para a Elabora\u00e7\u00e3o de Projetos em Educa\u00e7\u00e3o Ambiental <br \/>Ministrante(s): Prof. MSc. Felipe Alan Souza Santos &#8211; Licenciado em Geografia; Especialista em <br \/>Did\u00e1tica e Metodologia do Ensino Superior; Mestre em Desenvolvimento e Meio Ambiente e <br \/>Prof. Dr\u00aa. Maria Benedita Lima Pardo &#8211; Doutora em Psicologia Experimental; Professora Associada do <br \/>Departamento de Psicologia e do Mestrado em Desenvolvimento e Meio Ambiente da Universidade <br \/>Federal de Sergipe; <br \/>Hor\u00e1rio: 13h \u00e0s 17h <br \/>Dura\u00e7\u00e3o: 8 horas <br \/>Local: 23\/11 \u2013 Did 06 \u2013 sala 017 <br \/>24\/11 \u2013 Did 06 \u2013 sala 106<br \/>Mini-Curso 5: A legisla\u00e7\u00e3o ambiental e a gest\u00e3o florestal no Brasil e em Sergipe: as propostas de <br \/>mudan\u00e7as no C\u00f3digo Florestal Brasileiro e suas conseq\u00fc\u00eancias ao meio ambiente<br \/>Ministrante(s): Thiago Roberto Soares Vieira &#8211; Eng\u00ba Florestal; mestrando em Agroecossistemas; <br \/>Sociedade Semear. <br \/>Hor\u00e1rio: 17h \u00e0s 21h <br \/>Dura\u00e7\u00e3o: 8 horas <br \/>Local: 23\/11 \u2013 Did 06 \u2013 sala 009 <br \/>24\/11 \u2013 Did 06 \u2013 sala 106<br \/>Mini-Curso 6: Meio Ambiente Qualidade de Vida: Uma Reflex\u00e3o no Cotidiano Globalizado <br \/>Ministrante(s): Cristyano Ayres Machado; Alda Lisboa de Matos; Neuma R\u00fabia F. Santana <br \/>e Josiene Ferreira dos Santos Lima. <br \/>Hor\u00e1rio: 17h \u00e0s 21h <br \/>Dura\u00e7\u00e3o: 8 horas <br \/>Local: 23\/11 \u2013 Did 06 \u2013 sala 007 <br \/>24\/11 \u2013 Did 06 \u2013 sala 107<\/p>\n","protected":false},"excerpt":{"rendered":"<p>COMISS\u00c3O ORGANIZADORA Coordena\u00e7\u00e3o do Evento Prof.\u00aa M.Sc. Ac\u00e1ssia Cristina Souza \u2013 DGE\/ SALA VERDE\/GEPEASE Vice-Coordena\u00e7\u00e3o do EventoProfa. Dra. Maria In\u00eaz Oliveira Ara\u00fajo \u2013 DED\/NPGED\/SALA VERDE\/GEPEASE Prof. Dr. Paulo S\u00e9rgio Maroti<\/p>\n","protected":false},"author":1,"featured_media":0,"parent":0,"menu_order":0,"comment_status":"closed","ping_status":"closed","template":"","meta":[],"_links":{"self":[{"href":"https:\/\/gepease.com.br\/seminario3\/index.php\/wp-json\/wp\/v2\/pages\/12"}],"collection":[{"href":"https:\/\/gepease.com.br\/seminario3\/index.php\/wp-json\/wp\/v2\/pages"}],"about":[{"href":"https:\/\/gepease.com.br\/seminario3\/index.php\/wp-json\/wp\/v2\/types\/page"}],"author":[{"embeddable":true,"href":"https:\/\/gepease.com.br\/seminario3\/index.php\/wp-json\/wp\/v2\/users\/1"}],"replies":[{"embeddable":true,"href":"https:\/\/gepease.com.br\/seminario3\/index.php\/wp-json\/wp\/v2\/comments?post=12"}],"version-history":[{"count":4,"href":"https:\/\/gepease.com.br\/seminario3\/index.php\/wp-json\/wp\/v2\/pages\/12\/revisions"}],"predecessor-version":[{"id":210,"href":"https:\/\/gepease.com.br\/seminario3\/index.php\/wp-json\/wp\/v2\/pages\/12\/revisions\/210"}],"wp:attachment":[{"href":"https:\/\/gepease.com.br\/seminario3\/index.php\/wp-json\/wp\/v2\/media?parent=12"}],"curies":[{"name":"wp","href":"https:\/\/api.w.org\/{rel}","templated":true}]}}