{"id":10,"date":"2021-01-04T18:06:04","date_gmt":"2021-01-04T21:06:04","guid":{"rendered":"https:\/\/gepease.com.br\/seminario3\/?page_id=10"},"modified":"2024-02-16T14:16:20","modified_gmt":"2024-02-16T17:16:20","slug":"comissao","status":"publish","type":"page","link":"https:\/\/gepease.com.br\/seminario3\/index.php\/comissao\/","title":{"rendered":"Comiss\u00e3o"},"content":{"rendered":"\r\n<p><strong>COMISS\u00c3O ORGANIZADORA<\/strong><\/p>\r\n<p><br \/>Coordena\u00e7\u00e3o do Evento <br \/>Prof.\u00aa M.Sc. Ac\u00e1ssia Cristina Souza \u2013 DGE\/ SALA VERDE\/GEPEASE <br \/>Vice-Coordena\u00e7\u00e3o do Evento <br \/>Profa. Dra. Maria In\u00eaz Oliveira Ara\u00fajo \u2013 DED\/NPGED\/SALA VERDE\/GEPEASE <br \/>Prof. Dr. Paulo S\u00e9rgio Maroti <br \/>Prof\u00aa. M.Sc. Carla Jeane Helfemsteller Coelho <br \/>Prof\u00aa. M.Sc. D\u00e9bora Evangelista Reis Oliveira <br \/>Prof\u00aa. M.Sc. L\u00edvia de Rezende Cardoso <br \/>Prof\u00aa. M.Sc. Maria Ivone Santana Melo Paim <br \/>Prof. Esp. Adriano Sotero da Silva <br \/>Prof\u00aa. Esp. Viviane Almeida Rezende <br \/>Profa. Esp. Isabel Santana Santos <br \/>Prof\u00aa. Aline Lima de Oliveira <br \/>Prof\u00aa Ann Let\u00edcia Arag\u00e3o Guarany <br \/>Prof\u00aa. Camilla Gentil Santana <br \/>Prof\u00aa. Daniele Santana de Melo <br \/>Prof\u00aa. Eliane Terezinha Farias Domingues <br \/>Prof\u00aa. Juliana Barreto Silva Araujo <br \/>Prof\u00aa. Maria Ivanilde Meneses de Oliveira <br \/>Alana Danielly Vasconcelos <br \/>Cherley Jos\u00e9 da Silva <br \/>M\u00f4nica Andrade Modesto <br \/>Rafaelle Camilla dos santos Pinheiro <br \/>Tatiana Ferreira dos Santos <br \/>Thiago Roberto Soares Vieira <br \/>Vanderl\u00e9a da Silva Cardoso <br \/>Walter Brito Santos<\/p>\r\n<p><br \/><strong>COMISS\u00c3O CI\u00caNT\u00cdFICA<\/strong> <br \/>Prof. Dr. Alexandre de Gusm\u00e3o Pedrini \/ UERJ <br \/>Prof. Dr. Ant\u00f4nio Vital Menezes de Souza \/UFS <br \/>Prof. Dr. Carlos Frederico Bernardo Loureiro\/UFRJ <br \/>Prof. Dr. Fernando Fleury Curado\/EMBRAPA <br \/>Prof. Dr. Marco Ant\u00f4nio Leandro Barzano\/UEFS <br \/>Prof. Dr. Mauro Guimar\u00e3es \/UFRRJ <br \/>Prof. Dr. Paulo S\u00e9rgio Maroti\/UFS-Itabaiana <br \/>Prof. Dr. Ronaldo Gomes Alvim \/ PRODEMA <br \/>Profa. Dra. Laura Jane Gomes\/ DCF\/ PRODEMA-UFS <br \/>Profa. Dra. Maria Concei\u00e7\u00e3o Pereira Ramos\/UNIPORTO\/PT <br \/>Profa. Dra. Maria Helena Zucon \/ DBI\/UFS <br \/>Profa. Dra. Maria In\u00eaz Oliveira Ara\u00fajo\/ DED\/Sala Verde\/UFS <br \/>Profa. Dra. Maria Jos\u00e9 Nascimento Soares\/ DED \/ PRODEMA \/UFS <br \/>Profa. Dra. Maria Neide Sobral \/NPGED\/UFS <br \/>Profa. Dra. Marlene Melo Rios DQI\/UFS <br \/>Profa. Dra. Mich\u00e8le Sato \/ UFMT <br \/>Profa. Dra. Myrna Friederichs Landim \/ DBI\/NPGECIMA\/UFS <br \/>Profa. Dra. Rosemeri Melo e Souza DGE\/PRODEMA\/UFS <br \/>Profa. M.Sc. Ac\u00e1ssia Cristina Souza DGE\/Sala Verde\/ UFS <br \/>Profa. M.Sc.Carla Jeane Helfemsteller Coelho \/ UFBA<br \/>Profa. M.Sc. D\u00e9bora Reis Evangelista Oliveira\/ SEED<br \/>Prof. M.Sc. Fellipe Allan Souza Santos <br \/>Prof. M.Sc. Glauber Alves Barros Costa \/ UESB\/ Vit\u00f3ria da Conquista <br \/>Prof. M.Sc. Matheus Pereira Mattos Felizola\/UFS <br \/>Profa. M.Sc. Ivone Santana Melo Paim \/ UVA\/ GEPEASE<br \/>Profa. M.Sc. Leisit\u00e2nia Nery Teixeira \/ Sala Verde <br \/>Profa. M.Sc. L\u00edvia de Rezende Cardoso \/ UFS &#8211; Itabaiana <br \/>Profa. M.Sc. Maria Ivone Santana Melo Paim \/ Faculdade Pio X <br \/>Profa. M.Sc. Marjorie Medeiros \/ UFRN <br \/>Profa. M.Sc. N\u00e1dia Batista de Jesus\/ Sala Verde <br \/>Profa. M.Sc.Viviane Almeida Rezende\/ Sala Verde\/ SEED <br \/>Prof. Dr. Marl\u00e9cio Maknamara da Silva Cunha\/DBI\/UFS<\/p>\r\n","protected":false},"excerpt":{"rendered":"<p>COMISS\u00c3O ORGANIZADORA Coordena\u00e7\u00e3o do Evento Prof.\u00aa M.Sc. Ac\u00e1ssia Cristina Souza \u2013 DGE\/ SALA VERDE\/GEPEASE Vice-Coordena\u00e7\u00e3o do Evento Profa. Dra. Maria In\u00eaz Oliveira Ara\u00fajo \u2013 DED\/NPGED\/SALA VERDE\/GEPEASE Prof. Dr. Paulo S\u00e9rgio<\/p>\n","protected":false},"author":1,"featured_media":0,"parent":0,"menu_order":0,"comment_status":"closed","ping_status":"closed","template":"","meta":[],"_links":{"self":[{"href":"https:\/\/gepease.com.br\/seminario3\/index.php\/wp-json\/wp\/v2\/pages\/10"}],"collection":[{"href":"https:\/\/gepease.com.br\/seminario3\/index.php\/wp-json\/wp\/v2\/pages"}],"about":[{"href":"https:\/\/gepease.com.br\/seminario3\/index.php\/wp-json\/wp\/v2\/types\/page"}],"author":[{"embeddable":true,"href":"https:\/\/gepease.com.br\/seminario3\/index.php\/wp-json\/wp\/v2\/users\/1"}],"replies":[{"embeddable":true,"href":"https:\/\/gepease.com.br\/seminario3\/index.php\/wp-json\/wp\/v2\/comments?post=10"}],"version-history":[{"count":2,"href":"https:\/\/gepease.com.br\/seminario3\/index.php\/wp-json\/wp\/v2\/pages\/10\/revisions"}],"predecessor-version":[{"id":211,"href":"https:\/\/gepease.com.br\/seminario3\/index.php\/wp-json\/wp\/v2\/pages\/10\/revisions\/211"}],"wp:attachment":[{"href":"https:\/\/gepease.com.br\/seminario3\/index.php\/wp-json\/wp\/v2\/media?parent=10"}],"curies":[{"name":"wp","href":"https:\/\/api.w.org\/{rel}","templated":true}]}}