{"id":32,"date":"2022-06-05T19:01:06","date_gmt":"2022-06-05T22:01:06","guid":{"rendered":"https:\/\/gepease.com.br\/esea\/?page_id=32"},"modified":"2024-03-04T22:14:42","modified_gmt":"2024-03-05T01:14:42","slug":"anais","status":"publish","type":"page","link":"https:\/\/gepease.com.br\/esea\/index.php\/anais\/","title":{"rendered":"Anais"},"content":{"rendered":"\n<figure class=\"wp-block-table\"><table><tbody><tr><td colspan=\"3\"><br>ANAIS DO 8\u00ba ENCONTRO SERGIPANO DE EDUCA\u00c7\u00c3O AMBIENTAL<br><\/td><\/tr><tr><td colspan=\"3\">GT1. INSTRUMENTA\u00c7\u00c3O E VIV\u00caNCIAS EM EDUCA\u00c7\u00c3O AMBIENTAL<\/td><\/tr><tr><td>T\u00cdTULO DO TRABALHO<\/td><td>AUTORIA<\/td><td>LINK DE ACESSO<\/td><\/tr><tr><td>A CONSTRU\u00c7\u00c3O DA IDENTIDADE PROFISSIONAL DOCENTE DO EDUCADOR AMBIENTAL NAS PRODU\u00c7\u00d5ES CIENT\u00cdFICAS<\/td><td>Aline Ramos Soares Bezerra; Josielly Ramos dos Santos Oliveira; Fl\u00e1via Dantas Moreira<\/td><td>&nbsp;<a href=\"https:\/\/gepease.com.br\/esea\/wp-content\/uploads\/2024\/03\/ACONST1-2.pdf\" target=\"_blank\" rel=\"noreferrer noopener\">https:\/\/gepease.com.br\/esea\/wp-content\/uploads\/2024\/03\/ACONST1-2.pdf<\/a><br><\/td><\/tr><tr><td>A PRODU\u00c7\u00c3O DE JOGOS COM FINALIDADE EDUCATIVA PARA A CONSTRU\u00c7\u00c3O DO CONHECIMENTO CIENT\u00cdFICO: UMA EXPERI\u00caNCIA PEDAG\u00d3GICA NO ENSINO M\u00c9DIO T\u00c9CNICO<\/td><td>Eduardo Fausto Kuster Cid; Sabrine Lino Pinto &nbsp;<\/td><td><a href=\"https:\/\/gepease.com.br\/esea\/wp-content\/uploads\/2024\/03\/APRODU1.pdf\" target=\"_blank\" rel=\"noreferrer noopener\">https:\/\/gepease.com.br\/esea\/wp-content\/uploads\/2024\/03\/APRODU1.pdf<\/a><\/td><\/tr><tr><td>CONDUTORES AMBIENTAIS NO MONA GROTA DO ANGICO: INCLUS\u00c3O DA COMUNIDADE DE ENTORNO EM UNIDADES DE CONSERVA\u00c7\u00c3O<\/td><td>Bruno Bastos Linhares Sobrinho; Sandy Gabrielly Souza Cavalcanti; Valdelice Leite Barreto; Isabelle Aparecida Dellela Blengini<\/td><td><a href=\"https:\/\/gepease.com.br\/esea\/wp-content\/uploads\/2024\/03\/CONDUT1.pdf\" target=\"_blank\" rel=\"noreferrer noopener\">https:\/\/gepease.com.br\/esea\/wp-content\/uploads\/2024\/03\/CONDUT1.pdf<\/a><\/td><\/tr><tr><td>ECOMOTRICIDADE DO PLANTAR E DO CUIDAR: PRECEITOS TE\u00d3RICOS E APLICA\u00c7\u00d5ES PR\u00c1TICAS EM CONTEXTOS ESCOLARES E N\u00c3O ESCOLARES<\/td><td>Tamires Cruz Santos Silva; Luiza Fernanda da Silva; Valdelice Leite Barreto; Cae Rodrigues<\/td><td><a href=\"https:\/\/gepease.com.br\/esea\/wp-content\/uploads\/2024\/03\/ECOMOT1.pdf\" target=\"_blank\" rel=\"noreferrer noopener\">https:\/\/gepease.com.br\/esea\/wp-content\/uploads\/2024\/03\/ECOMOT1.pdf<\/a><\/td><\/tr><tr><td>EDUCA\u00c7\u00c3O AMBIENTAL E AS FORMAS DE PRIVATIZA\u00c7\u00c3O E COMERCIALIZA\u00c7\u00c3O NA PRAIA: TR\u00caS ESTUDOS DE CASO EM SERGIPE<\/td><td>Eliene Oliveira da Silva; Vanei Pimentel Santos; Jo\u00e3o Paulo Batista de Almeida; Marina de Souza Sartore; Cae Rodrigues<\/td><td><a href=\"https:\/\/gepease.com.br\/esea\/wp-content\/uploads\/2024\/03\/EDUCAO2.pdf\" target=\"_blank\" rel=\"noreferrer noopener\">https:\/\/gepease.com.br\/esea\/wp-content\/uploads\/2024\/03\/EDUCAO2.pdf<\/a><\/td><\/tr><tr><td>EDUCA\u00c7\u00c3O AMBIENTAL E CEGUEIRA BOT\u00c2NICA<\/td><td>Jos\u00e9 Cleiton da Silva Freitas; Marcondes Henrique de S\u00e1 Mendon\u00e7a; Mariana Reis Fonseca<\/td><td><a href=\"https:\/\/gepease.com.br\/esea\/wp-content\/uploads\/2024\/03\/EDUCACAO-AMBIENTAL-E-CEGUEIRA-BOTANICA_IDENTIFICADO.docx.pdf\" target=\"_blank\" rel=\"noreferrer noopener\">https:\/\/gepease.com.br\/esea\/wp-content\/uploads\/2024\/03\/EDUCACAO-AMBIENTAL-E-CEGUEIRA-BOTANICA_IDENTIFICADO.docx.pdf<\/a><\/td><\/tr><tr><td>EDUCA\u00c7\u00c3O AMBIENTAL E RES\u00cdDUOS S\u00d3LIDOS EM UMA ESCOLA P\u00daBLICA ESTADUAL NA CIDADE DE S\u00c3O CRIST\u00d3V\u00c3O SERGIPE<\/td><td>Fernando Tavares Souza; Tiago Martins Santos; Mariana Reis Fonseca<\/td><td><a href=\"https:\/\/gepease.com.br\/esea\/wp-content\/uploads\/2024\/03\/EDUCAO1.pdf\" target=\"_blank\" rel=\"noreferrer noopener\">https:\/\/gepease.com.br\/esea\/wp-content\/uploads\/2024\/03\/EDUCAO1.pdf<\/a><\/td><\/tr><tr><td>ENTRE-LINHAS INVIS\u00cdVEIS: A REDE DE EDUCA\u00c7\u00c3O AMBIENTAL DE SERGIPE<\/td><td>Luiz Ricardo Oliveira Santos; Jailton de Jesus Costa; Rosemeri Melo e Souza<\/td><td><a href=\"https:\/\/gepease.com.br\/esea\/wp-content\/uploads\/2024\/03\/ENTRE-LINHAS-INVISIVEIS-A-REDE-DE-EDUCACAO-AMBIENTAL-DE-SERGIPE_IDENTIFICADO.docx.pdf\" target=\"_blank\" rel=\"noreferrer noopener\">https:\/\/gepease.com.br\/esea\/wp-content\/uploads\/2024\/03\/ENTRE-LINHAS-INVISIVEIS-A-REDE-DE-EDUCACAO-AMBIENTAL-DE-SERGIPE_IDENTIFICADO.docx.pdf<\/a><\/td><\/tr><tr><td>HORTA ESCOLAR: UMA EXPERI\u00caNCIA INTERDISCIPLINAR NUMA ESCOLA FEDERAL DE EDUCA\u00c7\u00c3O B\u00c1SICA<\/td><td>Robson Andrade de Jesus; Jailton de Jesus Costa; Silv\u00e2nia da Silva Costa<\/td><td><a href=\"https:\/\/gepease.com.br\/esea\/wp-content\/uploads\/2024\/03\/HORTAE1.pdf\" target=\"_blank\" rel=\"noreferrer noopener\">https:\/\/gepease.com.br\/esea\/wp-content\/uploads\/2024\/03\/HORTAE1.pdf<\/a><\/td><\/tr><tr><td>JARDIM DA TRANSFORMA\u00c7\u00c3O: UM NOVO OLHAR PARA A EDUCA\u00c7\u00c3O AMBIENTAL<\/td><td>Luciana Maria da Silva Santos; M\u00f4nica Andrade Modesto<\/td><td><a href=\"https:\/\/gepease.com.br\/esea\/wp-content\/uploads\/2024\/03\/JARDIM-DA-TRANSFORMACAO-UM-NOVO-OLHAR-PARA-A-EDUCACAO-AMBIENTAL_IDENTIFICADO.docx-1.pdf\" target=\"_blank\" rel=\"noreferrer noopener\">https:\/\/gepease.com.br\/esea\/wp-content\/uploads\/2024\/03\/JARDIM-DA-TRANSFORMACAO-UM-NOVO-OLHAR-PARA-A-EDUCACAO-AMBIENTAL_IDENTIFICADO.docx-1.pdf<\/a><\/td><\/tr><tr><td>PLANEJAMENTO DE UMA TRILHA INTERPRETATIVA EM UMA UNIDADE DE CONSERVA\u00c7\u00c3O DE SERGIPE<\/td><td>\u00c1dria Maria de Oliveira Ribeiro; Isabelle Aparecida Dellela Blengini; Sandy Gabrielly Souza Cavalcanti; F\u00e1bio Jorge Santos de Castro<\/td><td>&nbsp;<a href=\"https:\/\/gepease.com.br\/esea\/wp-content\/uploads\/2024\/03\/PLANEJAMENTO-DE-UMA-TRILHA-INTERPRETATIVA_IDENTIFICADO.docx-1.pdf\" target=\"_blank\" rel=\"noreferrer noopener\">https:\/\/gepease.com.br\/esea\/wp-content\/uploads\/2024\/03\/PLANEJAMENTO-DE-UMA-TRILHA-INTERPRETATIVA_IDENTIFICADO.docx-1.pdf<\/a><\/td><\/tr><tr><td>PR\u00c1TICAS CORPORAIS DE AVENTURA SOB O VI\u00c9S DA ECOMOTRICIDADE: POSSIBILIDADES PARA SE PENSAR A EDUCA\u00c7\u00c3O AMBIENTAL<\/td><td>Thaise Melo de Almeida Alves; Jackeline Cristina Santos Rodrigues; Josefa Graziele Santos Santana; Cae Rodrigues<\/td><td>&nbsp;<a href=\"https:\/\/gepease.com.br\/esea\/wp-content\/uploads\/2024\/03\/PRTICA1-1.pdf\" target=\"_blank\" rel=\"noreferrer noopener\">https:\/\/gepease.com.br\/esea\/wp-content\/uploads\/2024\/03\/PRTICA1-1.pdf<\/a><\/td><\/tr><tr><td>PROGRAMA DIALOGAR: UMA EXPERI\u00caNCIA DE FORMA\u00c7\u00c3O PARA OS COLEGIADOS AMBIENTAIS<\/td><td>Sandy Gabrielly Souza Cavalcanti; Bruno Bastos Linhares Sobrinho; \u00c1dria Maria de Oliveira Ribeiro; Isabelle Aparecida Dellela Blengini<\/td><td>&nbsp;<a href=\"https:\/\/gepease.com.br\/esea\/wp-content\/uploads\/2024\/03\/PROGRA1-2.pdf\" target=\"_blank\" rel=\"noreferrer noopener\">https:\/\/gepease.com.br\/esea\/wp-content\/uploads\/2024\/03\/PROGRA1-2.pdf<\/a><\/td><\/tr><tr><td>REFLEX\u00d5ES SOBRE O ENFRENTAMENTO DOS PROBLEMAS SOCIOAMBIENTAIS JUNTO AOS ESTUDANTES DA ESCOLA S\u00c3O FRANCISCO DE ASSIS, EM S\u00c3O JOS\u00c9 DE COROA GRANDE, PERNAMBUCO<\/td><td>Sumara Wedja da Silva Melo; M\u00e1rcia Brito Nery Alves; Sindiany Suelen Caduda dos Santos<\/td><td>&nbsp;<a href=\"https:\/\/gepease.com.br\/esea\/wp-content\/uploads\/2024\/03\/REFLEX1-1.pdf\" target=\"_blank\" rel=\"noreferrer noopener\">https:\/\/gepease.com.br\/esea\/wp-content\/uploads\/2024\/03\/REFLEX1-1.pdf<\/a><\/td><\/tr><tr><td>RELATO DE EXPERI\u00caNCIA: PR\u00c1TICAS EM EDUCA\u00c7\u00c3O AMBIENTAL COM O PROJETO VIVA O PEIXE BOI MARINHO NO ESTADO DE SERGIPE<\/td><td>Yasmin Carvalho Batista; Rodolfo de Fran\u00e7a Alves; Fab\u00edola Fonseca Almeida Gomes<\/td><td>&nbsp;<a href=\"https:\/\/gepease.com.br\/esea\/wp-content\/uploads\/2024\/03\/RELATO1-1.pdf\" target=\"_blank\" rel=\"noreferrer noopener\">https:\/\/gepease.com.br\/esea\/wp-content\/uploads\/2024\/03\/RELATO1-1.pdf<\/a><\/td><\/tr><tr><td>SALA VERDE DA SERHMA\/SEDURBS: RELATOS DE EXPERI\u00caNCIA<\/td><td>Silvia Leticia Nogueira Passos Garcia; Isabelle Aparecida Dellela Blengini<\/td><td><a href=\"https:\/\/gepease.com.br\/esea\/wp-content\/uploads\/2024\/03\/SALA-VERDE-DA-SERHMA-SEDURBS_IDENTIFICADO.docx-1.pdf\" target=\"_blank\" rel=\"noreferrer noopener\">https:\/\/gepease.com.br\/esea\/wp-content\/uploads\/2024\/03\/SALA-VERDE-DA-SERHMA-SEDURBS_IDENTIFICADO.docx-1.pdf<\/a><\/td><\/tr><tr><td colspan=\"3\">GT2 \u2013 FORMA\u00c7\u00c3O DE EDUCADORES(AS) E EDUCA\u00c7\u00c3O AMBIENTAL<\/td><\/tr><tr><td>A PRESEN\u00c7A DA EDUCA\u00c7\u00c3O AMBIENTAL NA FORMA\u00c7\u00c3O DOCENTE: UM OLHAR SOBRE O AGRESTE SERGIPANO<\/td><td>Marynara Costa Santos; M\u00f4nica Andrade Modesto<\/td><td>\u00a0<a href=\"https:\/\/gepease.com.br\/esea\/wp-content\/uploads\/2024\/03\/A-PRESENCA-DA-EDUCACAO-AMBIENTAL-NA-FORMACAO-DOCENTE-UM-OLHAR-SOBRE-O-AGRESTE-SERGIPANO_IDENTIFICADO.docx.pdf\" target=\"_blank\" rel=\"noreferrer noopener\">https:\/\/gepease.com.br\/esea\/wp-content\/uploads\/2024\/03\/A-PRESENCA-DA-EDUCACAO-AMBIENTAL-NA-FORMACAO-DOCENTE-UM-OLHAR-SOBRE-O-AGRESTE-SERGIPANO_IDENTIFICADO.docx.pdf<\/a><\/td><\/tr><tr><td colspan=\"3\">GT3 \u2013 EDUCA\u00c7\u00c3O AMBIENTAL E DIVERSIDADES<\/td><\/tr><tr><td>A IMPORT\u00c2NCIA DA COSMOLOGIA DOS GUARANI E KAIOW\u00c1 PARA A EDUCA\u00c7\u00c3O AMBIENTAL<\/td><td>Jhersyka da Rosa Cleve<\/td><td>\u00a0<a href=\"https:\/\/gepease.com.br\/esea\/wp-content\/uploads\/2024\/03\/A-IMPORTANCIA-DA-COSMOLOGIA-DOS-GUARANI-E-KAIOWA-PARA-A-EDUCACAO-AMBIENTAL_IDENTIFICADO.docx.pdf\" target=\"_blank\" rel=\"noreferrer noopener\">https:\/\/gepease.com.br\/esea\/wp-content\/uploads\/2024\/03\/A-IMPORTANCIA-DA-COSMOLOGIA-DOS-GUARANI-E-KAIOWA-PARA-A-EDUCACAO-AMBIENTAL_IDENTIFICADO.docx.pdf<\/a><\/td><\/tr><tr><td>EDUCA\u00c7\u00c3O AMBIENTAL E ECOFEMINISMO<\/td><td>Mariana Reis Fonseca; Sarah Catarina Dias Vieira; Hanna Paranhos Braga Queiroz dos Santos<\/td><td>\u00a0<a href=\"https:\/\/gepease.com.br\/esea\/wp-content\/uploads\/2024\/03\/EDUCACAO-AMBIENTAL-E-ECOFEMINISMO_IDENTIFICADO.docx.pdf\" target=\"_blank\" rel=\"noreferrer noopener\">https:\/\/gepease.com.br\/esea\/wp-content\/uploads\/2024\/03\/EDUCACAO-AMBIENTAL-E-ECOFEMINISMO_IDENTIFICADO.docx.pdf<\/a><\/td><\/tr><tr><td colspan=\"3\">GT4 \u2013 EDUCA\u00c7\u00c3O AMBIENTAL DE BASE COMUNIT\u00c1RIA<\/td><\/tr><tr><td>A SEGURAN\u00c7A E SOBERANIA ALIMENTAR E NUTRICIONAL NO MUNIC\u00cdPIO DE JAPARATUBA\/SE E O PROCESSO DA EDUCA\u00c7\u00c3O AMBIENTAL DE BASE COMUNIT\u00c1RIA<\/td><td>Lidiana Vieira dos Santos; Rosana de Oliveira Santos Batista; Shiziele de Oliveira Shimada<\/td><td><a href=\"https:\/\/gepease.com.br\/esea\/wp-content\/uploads\/2024\/03\/ASEGUR1.pdf\" target=\"_blank\" rel=\"noreferrer noopener\">https:\/\/gepease.com.br\/esea\/wp-content\/uploads\/2024\/03\/ASEGUR1.pdf<\/a><\/td><\/tr><tr><td>AN\u00c1LISE DO REGISTRO DE FOCOS DE QUEIMA NO ESTADO DO PAR\u00c1 COMO INSTRUMENTO PARA A PROPOSI\u00c7\u00c3O DE POL\u00cdTICAS P\u00daBLICAS<\/td><td>Benjamin Leonardo Alves White; Jamile Alves dos Santos<\/td><td><a href=\"https:\/\/gepease.com.br\/esea\/wp-content\/uploads\/2024\/03\/ANLISE1.pdf\" target=\"_blank\" rel=\"noreferrer noopener\">https:\/\/gepease.com.br\/esea\/wp-content\/uploads\/2024\/03\/ANLISE1.pdf<\/a><\/td><\/tr><tr><td>PERCEP\u00c7\u00c3O AMBIENTAL DOS MORADORES DO BAIRRO ARUANA SOBRE OS EIXOS DO SANEAMENTO AMBIENTAL<\/td><td>Aline Ramos Soares Bezerra; Ana Am\u00e9lia Alves Barbosa; Fl\u00e1via Dantas Moreira<\/td><td><a href=\"https:\/\/gepease.com.br\/esea\/wp-content\/uploads\/2024\/03\/PERCEPCAO-AMBIENTAL-DOS-MORADORES-DO-BAIRRO-ARUANA-SOBRE-OS-EIXOS-DO-SANEAMENTO-AMBIENTAL-_IDENTIFICADO.docx-1.pdf\">https:\/\/gepease.com.br\/esea\/wp-content\/uploads\/2024\/03\/PERCEPCAO-AMBIENTAL-DOS-MORADORES-DO-BAIRRO-ARUANA-SOBRE-OS-EIXOS-DO-SANEAMENTO-AMBIENTAL-_IDENTIFICADO.docx-1.pdf<\/a><\/td><\/tr><tr><td>PERCEP\u00c7\u00c3O AMBIENTAL EM RELA\u00c7\u00c3O AO ECOPONTO DO BAIRRO COROA DO MEIO NO MUNIC\u00cdPIO DE ARACAJU-SE<\/td><td>Fl\u00e1via Dantas Moreira; Derik Iuri Izaias Santos; Aline Ramos Soares Bezerra<\/td><td><a href=\"https:\/\/gepease.com.br\/esea\/wp-content\/uploads\/2024\/03\/PERCEPCAO-AMBIENTAL-EM-RELACAO-AO-ECOPONTO-DO-BAIRRO-COROA-DO-MEIO-NO-MUNICIPIO-DE-ARACAJU-SE_IDENTIFICADO.docx.pdf\" target=\"_blank\" rel=\"noreferrer noopener\">https:\/\/gepease.com.br\/esea\/wp-content\/uploads\/2024\/03\/PERCEPCAO-AMBIENTAL-EM-RELACAO-AO-ECOPONTO-DO-BAIRRO-COROA-DO-MEIO-NO-MUNICIPIO-DE-ARACAJU-SE_IDENTIFICADO.docx.pdf<\/a><\/td><\/tr><tr><td>SUSTENTABILIDADE E SOBERANIA ALIMENTAR DE UMA COMUNIDADE DE MARISQUEIRAS EM INDIAROBA\/SE<\/td><td>Cristiane Neyre Almeida de Jesus; Jailton de Jesus Costa; Adauto de Souza Ribeiro<\/td><td><a href=\"https:\/\/gepease.com.br\/esea\/wp-content\/uploads\/2024\/03\/SUSTENTABILIDADE-E-SOBERANIA-ALIMENTAR-DE-UMA-COMUNIDADE-DE-MARISQUEIRAS-EM-INDIAROBA-SE-_IDENTIFICADO.docx.pdf\" target=\"_blank\" rel=\"noreferrer noopener\">https:\/\/gepease.com.br\/esea\/wp-content\/uploads\/2024\/03\/SUSTENTABILIDADE-E-SOBERANIA-ALIMENTAR-DE-UMA-COMUNIDADE-DE-MARISQUEIRAS-EM-INDIAROBA-SE-_IDENTIFICADO.docx.pdf<\/a><\/td><\/tr><tr><td colspan=\"3\">LISTAGEM GERAL DOS TRABALHOS APRESENTADOS<\/td><\/tr><tr><td>ARQUIVO COMPLETO COM TODOS OS TRABALHOS APRESENTADOS<\/td><td>TODOS(AS)<\/td><td><a href=\"https:\/\/gepease.com.br\/esea\/wp-content\/uploads\/2024\/03\/Compilacao-de-resumos-do-ESEA.pdf\" target=\"_blank\" rel=\"noreferrer noopener\">https:\/\/gepease.com.br\/esea\/wp-content\/uploads\/2024\/03\/Compilacao-de-resumos-do-ESEA.pdf<\/a><\/td><\/tr><\/tbody><\/table><\/figure>\n\n\n\n<div class=\"wp-block-buttons is-layout-flex wp-block-buttons-is-layout-flex\"><\/div>\n","protected":false},"excerpt":{"rendered":"<p>ANAIS DO 8\u00ba ENCONTRO SERGIPANO DE EDUCA\u00c7\u00c3O AMBIENTAL GT1. INSTRUMENTA\u00c7\u00c3O E VIV\u00caNCIAS EM EDUCA\u00c7\u00c3O AMBIENTAL T\u00cdTULO DO TRABALHO AUTORIA LINK DE ACESSO A CONSTRU\u00c7\u00c3O DA IDENTIDADE<span class=\"excerpt-hellip\"> [\u2026]<\/span><\/p>\n","protected":false},"author":1,"featured_media":0,"parent":0,"menu_order":0,"comment_status":"closed","ping_status":"closed","template":"","meta":{"footnotes":""},"class_list":["post-32","page","type-page","status-publish","hentry"],"_links":{"self":[{"href":"https:\/\/gepease.com.br\/esea\/index.php\/wp-json\/wp\/v2\/pages\/32","targetHints":{"allow":["GET"]}}],"collection":[{"href":"https:\/\/gepease.com.br\/esea\/index.php\/wp-json\/wp\/v2\/pages"}],"about":[{"href":"https:\/\/gepease.com.br\/esea\/index.php\/wp-json\/wp\/v2\/types\/page"}],"author":[{"embeddable":true,"href":"https:\/\/gepease.com.br\/esea\/index.php\/wp-json\/wp\/v2\/users\/1"}],"replies":[{"embeddable":true,"href":"https:\/\/gepease.com.br\/esea\/index.php\/wp-json\/wp\/v2\/comments?post=32"}],"version-history":[{"count":13,"href":"https:\/\/gepease.com.br\/esea\/index.php\/wp-json\/wp\/v2\/pages\/32\/revisions"}],"predecessor-version":[{"id":298,"href":"https:\/\/gepease.com.br\/esea\/index.php\/wp-json\/wp\/v2\/pages\/32\/revisions\/298"}],"wp:attachment":[{"href":"https:\/\/gepease.com.br\/esea\/index.php\/wp-json\/wp\/v2\/media?parent=32"}],"curies":[{"name":"wp","href":"https:\/\/api.w.org\/{rel}","templated":true}]}}