{"id":8,"date":"2021-01-04T00:34:13","date_gmt":"2021-01-04T03:34:13","guid":{"rendered":"https:\/\/gepease.com.br\/anais4\/?page_id=8"},"modified":"2021-02-28T21:41:20","modified_gmt":"2021-03-01T00:41:20","slug":"apresentacao","status":"publish","type":"page","link":"https:\/\/gepease.com.br\/anais4\/","title":{"rendered":"Apresenta\u00e7\u00e3o"},"content":{"rendered":"<p style=\"text-align: center;\"><strong>APRESENTA\u00c7\u00c3O<\/strong><\/p>\n<p>&nbsp;<\/p>\n<p>O Encontro Sergipano de Educa\u00e7\u00e3o Ambiental \u00e9 um evento que acontece desde o ano de 2008 e busca adotar uma perspectiva cr\u00edtica, a partir de diferentes olhares no \u00e2mbito da Educa\u00e7\u00e3o Ambiental.<\/p>\n<p>Nesta quarta vers\u00e3o, a se realizar no per\u00edodo de 16 a 19 de julho de 2013, o evento prop\u00f5e a tem\u00e1tica \u201cSustentabilidade, Consumo e Cidadania\u201d, para uma reflex\u00e3o no contexto da Educa\u00e7\u00e3o Ambiental, bem como\u00a0 da forma\u00e7\u00e3o para a cidadania, na perspectiva de sustar discuss\u00f5es e reflex\u00f5es sobre quest\u00f5es de consumo, alicer\u00e7adas em a\u00e7\u00f5es sustent\u00e1veis que busquem uma sociedade equilibrada e mais justa.<\/p>\n<p>O Grupo Estudos e Pesquisa em Educa\u00e7\u00e3o Ambiental de Sergipe (GEPEASE), o Departamento de Educa\u00e7\u00e3o, o Projeto Sala Verde na UFS, a Sociedade Semear e a Pr\u00f3-Reitoria de Extens\u00e3o e Assuntos Comunit\u00e1rios v\u00eam suscitar o di\u00e1logo, a discuss\u00e3o e a indaga\u00e7\u00e3o sobre qual o papel da \u00e9tica, na constru\u00e7\u00e3o de uma nova forma de se relacionar com o meio (ambiente) nesse contexto (mundo sem fronteiras, migra\u00e7\u00f5es e globaliza\u00e7\u00e3o).<\/p>\n<p>As atividades previstas no 4\u00b0 Encontro Sergipano de Educa\u00e7\u00e3o Ambiental \u2013 Sustentabilidade, Consumo e Cidadania, como mesas-redondas, confer\u00eancias e sess\u00f5es de grupos de trabalhos se articulam aos seguintes eixos tem\u00e1ticos:<\/p>\n<p>1-\u00a0\u00a0\u00a0\u00a0\u00a0 Educa\u00e7\u00e3o Ambiental Formal<\/p>\n<p>2-\u00a0\u00a0\u00a0\u00a0\u00a0 Educa\u00e7\u00e3o Ambiental n\u00e3o Formal<\/p>\n<p>3-\u00a0\u00a0\u00a0\u00a0\u00a0 Forma\u00e7\u00e3o de Professores em Educa\u00e7\u00e3o Ambiental<\/p>\n<p>4-\u00a0\u00a0\u00a0\u00a0\u00a0 Pesquisa em Educa\u00e7\u00e3o Ambiental<\/p>\n<p>5-\u00a0\u00a0\u00a0\u00a0\u00a0 Educa\u00e7\u00e3o Ambiental e Diversidade<\/p>\n<p>6-\u00a0\u00a0\u00a0\u00a0\u00a0 Metodologia para Educa\u00e7\u00e3o Ambiental<\/p>\n","protected":false},"excerpt":{"rendered":"<p>APRESENTA\u00c7\u00c3O &nbsp; O Encontro Sergipano de Educa\u00e7\u00e3o Ambiental \u00e9 um evento que acontece desde o ano de 2008 e busca adotar uma perspectiva cr\u00edtica, a partir de diferentes olhares no<\/p>\n","protected":false},"author":1,"featured_media":0,"parent":0,"menu_order":0,"comment_status":"closed","ping_status":"closed","template":"","meta":[],"_links":{"self":[{"href":"https:\/\/gepease.com.br\/anais4\/index.php\/wp-json\/wp\/v2\/pages\/8"}],"collection":[{"href":"https:\/\/gepease.com.br\/anais4\/index.php\/wp-json\/wp\/v2\/pages"}],"about":[{"href":"https:\/\/gepease.com.br\/anais4\/index.php\/wp-json\/wp\/v2\/types\/page"}],"author":[{"embeddable":true,"href":"https:\/\/gepease.com.br\/anais4\/index.php\/wp-json\/wp\/v2\/users\/1"}],"replies":[{"embeddable":true,"href":"https:\/\/gepease.com.br\/anais4\/index.php\/wp-json\/wp\/v2\/comments?post=8"}],"version-history":[{"count":11,"href":"https:\/\/gepease.com.br\/anais4\/index.php\/wp-json\/wp\/v2\/pages\/8\/revisions"}],"predecessor-version":[{"id":206,"href":"https:\/\/gepease.com.br\/anais4\/index.php\/wp-json\/wp\/v2\/pages\/8\/revisions\/206"}],"wp:attachment":[{"href":"https:\/\/gepease.com.br\/anais4\/index.php\/wp-json\/wp\/v2\/media?parent=8"}],"curies":[{"name":"wp","href":"https:\/\/api.w.org\/{rel}","templated":true}]}}