{"id":266,"date":"2021-02-28T22:40:31","date_gmt":"2021-03-01T01:40:31","guid":{"rendered":"https:\/\/gepease.com.br\/anais4\/?page_id=266"},"modified":"2021-03-01T12:04:56","modified_gmt":"2021-03-01T15:04:56","slug":"18-de-julho","status":"publish","type":"page","link":"https:\/\/gepease.com.br\/anais4\/index.php\/18-de-julho\/","title":{"rendered":"18 de Julho"},"content":{"rendered":"<p><strong>GT 1 \u2013 Educa\u00e7\u00e3o Ambiental Formal<\/strong><\/p>\n<table width=\"731\">\n<tbody>\n<tr>\n<td width=\"316\"><b>AUTORES<\/b><\/td>\n<td width=\"415\"><b>TRABALHO<\/b><\/td>\n<\/tr>\n<tr>\n<td width=\"316\">Maria Elo\u00edsa Alves Melo<\/td>\n<td width=\"415\"><a href=\"https:\/\/gepease.com.br\/anais4\/wp-content\/uploads\/2021\/02\/GEOGRAFIA-E-A-EDUCACAO-AMBIENTAL-PROJETO-ESCOLA-LIMPA-COM-EDUCANDOS-DO-ENSINO-MEDIO-DO-COLEGIO-MILITAR-DE-SERGIPE.pdf\">Geografia e a Educa\u00e7\u00e3o Ambiental: projeto escola limpa com educandos do ensino m\u00e9dio do Col\u00e9gio Militar de Sergipe.<\/a><\/td>\n<\/tr>\n<tr>\n<td width=\"316\">M\u00f4nica Ismerim Barreto<\/td>\n<td width=\"415\"><a href=\"https:\/\/gepease.com.br\/anais4\/wp-content\/uploads\/2021\/02\/OS-3-RS-EM-LIVROS-DIDATICOS-DE-CIENCIAS.pdf\">Os 3 R&#8217;s em livros did\u00e1ticos de Ci\u00eancias.<\/a><\/td>\n<\/tr>\n<tr>\n<td width=\"316\">Myller Gomes Machado<\/p>\n<p>Francisco Jos\u00e9 Pegado Ab\u00edlio<\/td>\n<td width=\"415\">Educa\u00e7\u00e3o Ambiental em unidades de conserva\u00e7\u00e3o na caatinga: atividades educativas em uma escola do entorno da RPPN Fazenda Almas.<\/td>\n<\/tr>\n<tr>\n<td width=\"316\">Regina C\u00e9lia de Jesus Mattos<\/td>\n<td width=\"415\"><a href=\"https:\/\/gepease.com.br\/anais4\/wp-content\/uploads\/2021\/02\/REPRESENTACOES-SOBRE-MEIO-AMBIENTE-DOS-ALUNOS-DO-5\u00b0-ANO-DE-DUAS-ESCOLAS-DA-ZONA-DE-EXPANSAO-DE-ARACAJU\u2013SE.pdf\">Representa\u00e7\u00f5es sobre meio ambiente dos alunos do 5 ano de duas escolas da Zona de Expans\u00e3o de Aracaju-SE.<\/a><\/td>\n<\/tr>\n<tr>\n<td width=\"316\">S\u00e9rgio Trombetta<\/td>\n<td width=\"415\"><a href=\"https:\/\/gepease.com.br\/anais4\/wp-content\/uploads\/2021\/02\/EDUCACAO-E-SUSTENTABILIDADE.pdf\">Educa\u00e7\u00e3o e Sustentabilidade.<\/a><\/td>\n<\/tr>\n<\/tbody>\n<\/table>\n<p>&nbsp;<\/p>\n<p><strong>GT 2 \u2013 Educa\u00e7\u00e3o Ambiental N\u00e3o-Formal<\/strong><\/p>\n<table width=\"759\">\n<tbody>\n<tr>\n<td width=\"288\"><b>AUTORES<\/b><\/td>\n<td width=\"470\"><b>TRABALHO<\/b><\/td>\n<\/tr>\n<tr>\n<td width=\"288\">Jos\u00e9 Ivan Marques de Medeiros<\/td>\n<td width=\"470\"><a href=\"https:\/\/gepease.com.br\/anais4\/wp-content\/uploads\/2021\/02\/CONTRIBUICAO-DA-EDUCACAO-AMBIENTAL-NAO-FORMAL-NA-VISAO-DOS-PROFESSORES-DA-ESCOLA-DE-EDUCACAO-INFANTIL-E-ENSINO-FUNDAMENTA1.pdf\">Contribui\u00e7\u00e3o da Educa\u00e7\u00e3o Ambiental n\u00e3o formal na vis\u00e3o dos professores da Escola de Educa\u00e7\u00e3o Infantil e Ensino Fundamental Nossa Senhora do Carmo, Ibiapina-CE.<\/a><\/td>\n<\/tr>\n<tr>\n<td width=\"288\">Julie Melo Braga<\/p>\n<p>Luiz Carlos dos Anjos Silva J\u00fanior<\/td>\n<td width=\"470\"><a href=\"https:\/\/gepease.com.br\/anais4\/wp-content\/uploads\/2021\/02\/DO-JORNALISMO-AMBIENTAL-A-ETICA-AMBIENTAL.pdf\">Do jornalismo ambiental \u00e0 \u00e9tica ambiental: como prevenir o<\/a><\/p>\n<p><a href=\"https:\/\/gepease.com.br\/anais4\/wp-content\/uploads\/2021\/02\/DO-JORNALISMO-AMBIENTAL-A-ETICA-AMBIENTAL.pdf\">dano.<\/a><\/td>\n<\/tr>\n<tr>\n<td width=\"288\">Luiz Carlos Pereira Santos<\/p>\n<p>Maria Jos\u00e9 Nascimento Soares<\/p>\n<p>Daniela Venceslau Bitencourt<\/td>\n<td width=\"470\"><a href=\"https:\/\/gepease.com.br\/anais4\/wp-content\/uploads\/2021\/02\/EDUCAR-PARA-A-SUSTENTABILIDADE-USO-DO-LIXO-DA-TECNOLOGIA-COMO-ESTRATEGIA-DE-RE-EDUCACAO-AMBIENTAL.pdf\">Educar para a sustentabilidade: uso do lixo da tecnologia como estrat\u00e9gia de (re)Educa\u00e7\u00e3o Ambiental.<\/a><\/td>\n<\/tr>\n<tr>\n<td width=\"288\">Sirley Almeida Adelino Bai\u00e3o<\/p>\n<p>Fernanda Bezerra de Arag\u00e3o Correia<\/p>\n<p>Stephen Francis Ferrari<\/td>\n<td width=\"470\"><a href=\"https:\/\/gepease.com.br\/anais4\/wp-content\/uploads\/2021\/02\/CONSUMISMO-E-SOLIDAO-NO-FILME-INTELIGENCIA-ARTIFICIAL-DE-STEVEN-SPILBERG-uma-abordagem-ecocritica-e-filosofica.pdf\">Consumismo e Solid\u00e3o no filme intelig\u00eancia artificial, de Steven Spilberg: uma abordagem ecocr\u00edtica e filos\u00f3fica.<\/a><\/td>\n<\/tr>\n<tr>\n<td width=\"288\">Camila Gentil Santana<\/td>\n<td width=\"470\"><a href=\"https:\/\/gepease.com.br\/anais4\/wp-content\/uploads\/2021\/02\/PERCEPCAO-AMBIENTAL-DE-MARISQUEIRAS.pdf\">Percep\u00e7\u00e3o Ambiental de marisqueiras.<\/a><\/td>\n<\/tr>\n<\/tbody>\n<\/table>\n<p>&nbsp;<\/p>\n<p><strong>GT 3 \u2013 Forma\u00e7\u00e3o de Professores em Educa\u00e7\u00e3o Ambiental e<\/strong><\/p>\n<p><strong>GT 5 \u2013 Educa\u00e7\u00e3o Ambiental e Diversidade<\/strong><\/p>\n<table width=\"739\">\n<tbody>\n<tr>\n<td width=\"270\"><b>AUTORES<\/b><\/td>\n<td width=\"469\"><b>TRABALHO<\/b><\/td>\n<\/tr>\n<tr>\n<td width=\"270\">Claudomir Tavares da Silva<\/p>\n<p>Carina Tavares Bispo<\/td>\n<td width=\"469\"><a href=\"https:\/\/gepease.com.br\/anais4\/wp-content\/uploads\/2021\/02\/A-IMPORTANCIA-SOCIO-ECONOMICA-DO-CANAL-DO-POMONGA.pdf\">A import\u00e2ncia socio-econ\u00f4mica do Canal do Pomonga.<\/a><\/td>\n<\/tr>\n<tr>\n<td width=\"270\">Cristiano Cunha Costa<\/td>\n<td width=\"469\"><a href=\"https:\/\/gepease.com.br\/anais4\/wp-content\/uploads\/2021\/02\/TRILHAS-ECOLOGICAS-REALIZADAS-PELO-PELOTAO-DE-POLICIA-AMBIENTAL-DO-ESTADO-DE-SERGIPE.pdf\">Trilhas ecol\u00f3gicas realizadas pelo pelot\u00e3o de Pol\u00edcia Ambiental do Estado de Sergipe.<\/a><\/td>\n<\/tr>\n<tr>\n<td width=\"270\">Edilvan Moraes Luna<\/p>\n<p>Maria Carlota Mariano Alexandre<\/td>\n<td width=\"469\"><a href=\"https:\/\/gepease.com.br\/anais4\/wp-content\/uploads\/2021\/02\/A-APROPRIACAO-DA-CULTURA-POPULAR-PELA-EDUCACAO-AMBIENTAL-NO-COMBATE-A-HEGEMONIA-CULTURAL-CAPITALISTA.pdf\">A apropria\u00e7\u00e3o da cultural popular pela Educa\u00e7\u00e3o Ambiental<\/a><\/p>\n<p><a href=\"https:\/\/gepease.com.br\/anais4\/wp-content\/uploads\/2021\/02\/A-APROPRIACAO-DA-CULTURA-POPULAR-PELA-EDUCACAO-AMBIENTAL-NO-COMBATE-A-HEGEMONIA-CULTURAL-CAPITALISTA.pdf\">no combate a hegemonia cultural capitalista.<\/a><\/td>\n<\/tr>\n<tr>\n<td width=\"270\">Em\u00edlia Madalena de Sena Martins<\/td>\n<td width=\"469\"><a href=\"https:\/\/gepease.com.br\/anais4\/wp-content\/uploads\/2021\/02\/AVALIACAO-DO-9o-FORUM-DE-EDUCACAO-AMBIENTAL-MEDIANTE-O-RESULTADO-PELO-OBJETIVO-PROPOSTO.pdf\">Avalia\u00e7\u00e3o do 9\u00ba F\u00f3rum de Educa\u00e7\u00e3o Ambiental mediante o resultado pelo objetivo proposto.<\/a><\/td>\n<\/tr>\n<tr>\n<td width=\"270\">Paulo de T\u00e1ssio Borges da Silva<\/p>\n<p>Isabel Santana Santos<\/td>\n<td width=\"469\"><a href=\"https:\/\/gepease.com.br\/anais4\/wp-content\/uploads\/2021\/02\/EDUCAR-PARA-A-CIDADANIA-PLANETARIA-DISCURSOS-OU-POSSIBILIDADES.pdf\">Educar para a cidadania planet\u00e1ria: discursos ou possibilidades?<\/a><\/td>\n<\/tr>\n<tr>\n<td width=\"270\">Jislaine Lima da Silva<\/p>\n<p>Lilian Oliveira Silva<\/td>\n<td width=\"469\"><a href=\"https:\/\/gepease.com.br\/anais4\/wp-content\/uploads\/2021\/02\/POLUICAO-DA-ORLA-DE-ATALAIA-UNICA-OPCAO-OU-ESCOLHA.pdf\">Polui\u00e7\u00e3o da Orla de Atalaia: \u00fanica op\u00e7\u00e3o ou escolha?<\/a><\/td>\n<\/tr>\n<\/tbody>\n<\/table>\n<p>&nbsp;<\/p>\n<p><strong>GT 4 \u2013 Pesquisa em Educa\u00e7\u00e3o Ambiental<\/strong><\/p>\n<table width=\"753\">\n<tbody>\n<tr>\n<td width=\"290\"><b>AUTORES<\/b><\/td>\n<td width=\"464\"><b>TRABALHO<\/b><\/td>\n<\/tr>\n<tr>\n<td width=\"290\">Leonice Santana Ferreira dos Santos<\/td>\n<td width=\"464\"><a href=\"https:\/\/gepease.com.br\/anais4\/wp-content\/uploads\/2021\/02\/PRODUCAO-SOCIAL-DA-INFANCIA-NO-ENTORNO-DO-PARQUE-NACIONAL-SERRA-DE-ITABAIANA.pdf\">Produ\u00e7\u00e3o social da inf\u00e2ncia no entorno do Parque Nacional Serra de Itabaiana.<\/a><\/td>\n<\/tr>\n<tr>\n<td width=\"290\">Nayara Siqueira Melo<\/p>\n<p>Lenalda Dias dos Santos<\/td>\n<td width=\"464\"><a href=\"https:\/\/gepease.com.br\/anais4\/wp-content\/uploads\/2021\/02\/PROPOSTA-METODOLOGICA-PARA-A-EDUCACAO-AMBIENTAL-DESENVOLVIMENTO-SUSTENTAVEL-NA-USINA-DO-JUNCOSE.pdf\">Proposta metodol\u00f3gica para a Educa\u00e7\u00e3o Ambiental: desenvolvimento sustent\u00e1vel na Usina do Junco\/SE.<\/a><\/td>\n<\/tr>\n<tr>\n<td width=\"290\">Sara Juliana Santana Santos<\/p>\n<p>Ac\u00e1ssia Cristina Souza<\/td>\n<td width=\"464\"><a href=\"https:\/\/gepease.com.br\/anais4\/wp-content\/uploads\/2021\/02\/PERCEPCAO-AMBIENTAL-DOS-MORADORES-DO-CONJUNTO-LAFAIETE-COUTINHO-DO-MUNICIPIO-DE-SAO-CRISTOVAO-SE-COM-A-DISPOSICAO-INADEQU1.pdf\">Percep\u00e7\u00e3o Ambiental dos moradores do Conjunto Lafaiete Coutinho do munic\u00edpio de S\u00e3o Crist\u00f3v\u00e3o-SE com a disposi\u00e7\u00e3o inadequada de res\u00edduos s\u00f3lidos.<\/a><\/td>\n<\/tr>\n<tr>\n<td width=\"290\">Sofia Oliveira de Barros Correia<\/td>\n<td width=\"464\"><a href=\"https:\/\/gepease.com.br\/anais4\/wp-content\/uploads\/2021\/02\/REPRESENTACOES-DO-TERMO-ECOLOGIA-EM-UMA-AMOSTRA-DE-LIVROS-DIDATICOS-DA-REDE-PUBLICA-DO-RECIFE-UMA-REFLEXAO-PARA-A-PRATICA1.pdf\">Representa\u00e7\u00f5es do termo ecologia em uma amostra de livros did\u00e1ticos da rede p\u00fablica do Recife: uma reflex\u00e3o para a pr\u00e1tica da Educa\u00e7\u00e3o Ambiental.<\/a><\/td>\n<\/tr>\n<\/tbody>\n<\/table>\n<p>&nbsp;<\/p>\n<p><strong>GT 6 \u2013 Metodologia para Educa\u00e7\u00e3o Ambiental<\/strong><\/p>\n<table width=\"740\">\n<tbody>\n<tr>\n<td width=\"283\"><b>AUTORES<\/b><\/td>\n<td width=\"456\"><b>TRABALHO<\/b><\/td>\n<\/tr>\n<tr>\n<td width=\"283\">Andr\u00e9 Barreto Sandes<\/p>\n<p>Jackson Santos Fonseca<\/td>\n<td width=\"456\"><a href=\"https:\/\/gepease.com.br\/anais4\/wp-content\/uploads\/2021\/02\/METODOLOGIA-PARA-EDUCACAO-AMBIENTAL-PROPOSTA-DE-TRABALHO-INTERDISCIPLINAR-NA-SERRA-DA-GIBOIA.pdf\">Metodologia para Educa\u00e7\u00e3o Ambiental: proposta de trabalho<\/a><\/p>\n<p><a href=\"https:\/\/gepease.com.br\/anais4\/wp-content\/uploads\/2021\/02\/METODOLOGIA-PARA-EDUCACAO-AMBIENTAL-PROPOSTA-DE-TRABALHO-INTERDISCIPLINAR-NA-SERRA-DA-GIBOIA.pdf\">interdisciplinar na Serra da Gib\u00f3ia.<\/a><\/td>\n<\/tr>\n<tr>\n<td width=\"283\">Maria Jeane Ferreira<\/p>\n<p>Leomarcos Reis Almeida<\/td>\n<td width=\"456\"><a href=\"https:\/\/gepease.com.br\/anais4\/wp-content\/uploads\/2021\/02\/EDUCACAO-AMBIENTAL-E-ENSINO-DE-GEOGRAFIA-UMA-ABORDAGEM-A-PARTIR-DOS-PARAMETROS-CURRICULARES-NACIONAIS.pdf\">Educa\u00e7\u00e3o Ambiental e Ensino de Geografia: uma abordagem<\/a><\/p>\n<p><a href=\"https:\/\/gepease.com.br\/anais4\/wp-content\/uploads\/2021\/02\/EDUCACAO-AMBIENTAL-E-ENSINO-DE-GEOGRAFIA-UMA-ABORDAGEM-A-PARTIR-DOS-PARAMETROS-CURRICULARES-NACIONAIS.pdf\">a partir dos par\u00e2metros curriculares nacionais.<\/a><\/td>\n<\/tr>\n<tr>\n<td width=\"283\">M\u00f4nica Andrade Modesto<\/p>\n<p>Maria In\u1ebdz Oliveira Araujo<\/td>\n<td width=\"456\"><a href=\"https:\/\/gepease.com.br\/anais4\/wp-content\/uploads\/2021\/02\/E-BRINCANDO-QUE-SE-APRENDE-OU-SE-FORMA-UMA-EXPERIENCIA-DE-EDUCACAO-AMBIENTAL-NUMA-ESCOLA-PUBLICA-SERGIPANA.pdf\">\u00c9 brincando que se aprende ou se forma? Uma experi\u00eancia<\/a><\/p>\n<p><a href=\"https:\/\/gepease.com.br\/anais4\/wp-content\/uploads\/2021\/02\/E-BRINCANDO-QUE-SE-APRENDE-OU-SE-FORMA-UMA-EXPERIENCIA-DE-EDUCACAO-AMBIENTAL-NUMA-ESCOLA-PUBLICA-SERGIPANA.pdf\">de Educa\u00e7\u00e3o Ambiental numa Escola P\u00fablica Sergipana.<\/a><\/td>\n<\/tr>\n<tr>\n<td width=\"283\">Tatiana Ferreira dos Santos<\/p>\n<p>Daniele Santana de Melo<\/p>\n<p>Maria Ivanilde Meneses de Oliveira<\/td>\n<td width=\"456\"><a href=\"https:\/\/gepease.com.br\/anais4\/wp-content\/uploads\/2021\/02\/JOGO-DO-MERCADO-UMA-METODOLOGIA-CRITICA-REFLEXIVA-PARA-A-EDUCACAO-AMBIENTAL.pdf\">Jogo do Mercado: uma metodologia cr\u00edtica-reflexiva para<\/a><\/p>\n<p><a href=\"https:\/\/gepease.com.br\/anais4\/wp-content\/uploads\/2021\/02\/JOGO-DO-MERCADO-UMA-METODOLOGIA-CRITICA-REFLEXIVA-PARA-A-EDUCACAO-AMBIENTAL.pdf\">a Educa\u00e7\u00e3o Ambiental.<\/a><\/td>\n<\/tr>\n<tr>\n<td width=\"283\">Wesley Silva Santos<\/p>\n<p>Joana D&#8217;Arc de Azevedo<\/p>\n<p>P\u00e2mela Priscila Schardozim<\/td>\n<td width=\"456\"><a href=\"https:\/\/gepease.com.br\/anais4\/wp-content\/uploads\/2021\/02\/A-EDUCACAO-AMBIENTAL-COMO-PRATICA-PEDAGOGICA-NO-ENSINO-DA-GEOGRAFIA.pdf\">A Educa\u00e7\u00e3o Ambiental como pr\u00e1tica pedag\u00f3gica no Ensino da Geografia.<\/a><\/td>\n<\/tr>\n<\/tbody>\n<\/table>\n","protected":false},"excerpt":{"rendered":"<p>GT 1 \u2013 Educa\u00e7\u00e3o Ambiental Formal AUTORES TRABALHO Maria Elo\u00edsa Alves Melo Geografia e a Educa\u00e7\u00e3o Ambiental: projeto escola limpa com educandos do ensino m\u00e9dio do Col\u00e9gio Militar de Sergipe.<\/p>\n","protected":false},"author":2,"featured_media":0,"parent":0,"menu_order":0,"comment_status":"closed","ping_status":"closed","template":"","meta":[],"_links":{"self":[{"href":"https:\/\/gepease.com.br\/anais4\/index.php\/wp-json\/wp\/v2\/pages\/266"}],"collection":[{"href":"https:\/\/gepease.com.br\/anais4\/index.php\/wp-json\/wp\/v2\/pages"}],"about":[{"href":"https:\/\/gepease.com.br\/anais4\/index.php\/wp-json\/wp\/v2\/types\/page"}],"author":[{"embeddable":true,"href":"https:\/\/gepease.com.br\/anais4\/index.php\/wp-json\/wp\/v2\/users\/2"}],"replies":[{"embeddable":true,"href":"https:\/\/gepease.com.br\/anais4\/index.php\/wp-json\/wp\/v2\/comments?post=266"}],"version-history":[{"count":6,"href":"https:\/\/gepease.com.br\/anais4\/index.php\/wp-json\/wp\/v2\/pages\/266\/revisions"}],"predecessor-version":[{"id":282,"href":"https:\/\/gepease.com.br\/anais4\/index.php\/wp-json\/wp\/v2\/pages\/266\/revisions\/282"}],"wp:attachment":[{"href":"https:\/\/gepease.com.br\/anais4\/index.php\/wp-json\/wp\/v2\/media?parent=266"}],"curies":[{"name":"wp","href":"https:\/\/api.w.org\/{rel}","templated":true}]}}