{"id":10,"date":"2021-01-04T18:06:04","date_gmt":"2021-01-04T21:06:04","guid":{"rendered":"https:\/\/gepease.com.br\/anais4\/?page_id=10"},"modified":"2021-01-04T18:06:05","modified_gmt":"2021-01-04T21:06:05","slug":"organizacao","status":"publish","type":"page","link":"https:\/\/gepease.com.br\/anais4\/index.php\/organizacao\/","title":{"rendered":"Organiza\u00e7\u00e3o"},"content":{"rendered":"\n<p><strong>ENCONTRO SERGIPANO DE EDUCA\u00c7\u00c3O AMBIENTAL<\/strong><\/p>\n\n\n\n<p><strong>&nbsp;&nbsp;III SEMIN\u00c1RIO INTERNO DA SALA VERDE NA UFS<\/strong><\/p>\n\n\n\n<p>&nbsp;<strong>Diferentes olhares e perspectivas<\/strong><\/p>\n\n\n\n<p><strong>&nbsp;&nbsp;<\/strong><strong>10 a<\/strong>&nbsp;<strong>13 de Dezembro de 2008<\/strong><\/p>\n\n\n\n<p>&nbsp;&nbsp;ISBN: 978-85-7822-059-4<\/p>\n\n\n\n<p><strong>Realiza\u00e7\u00e3o<\/strong><br>UNIVERSIDADE FEDERAL DE SERGIPE<\/p>\n\n\n\n<p><strong>Reitor<\/strong><br>Prof. Dr. Josu\u00e9 Modesto dos Passos Subrinho<\/p>\n\n\n\n<p><strong>Vice-Reitor<\/strong><br>Prof. Dr. Angelo Roberto Antoniolli<\/p>\n\n\n\n<p><strong>Pr\u00f3-Reitoria de Extens\u00e3o e Assuntos Comunit\u00e1rios &#8211;<br>Sala Verde na UFS<\/strong><br>Prof. M.Sc. Rui Bel\u00e9m<br>Pr\u00f3-Reitor<\/p>\n\n\n\n<p><strong>Grupo de Estudos e Pesquisa em Educa\u00e7\u00e3o Ambiental &#8211; GEPEASE<br>Sala Verde na UFS<\/strong><br>Prof\u00aa. Dra. Maria In\u00eaz Oliveira Araujo<\/p>\n\n\n\n<p><strong>Apoio<\/strong><br>FAPITEC<br>Pr\u00f3-Reitoria de Gradua\u00e7\u00e3o<br>Departamento de Educa\u00e7\u00e3o<br>Secretaria de Meio Ambiente e Recursos H\u00eddricos do Estado de Sergipe<br>Sociedade SEMEAR<br>Instituto \u00c1rvore<\/p>\n\n\n\n<p><strong><br>COMISS\u00c3O ORGANIZADORA<\/strong><\/p>\n\n\n\n<p><strong>COORDENA\u00c7\u00c3O DO EVENTO<\/strong><br>Prof\u00aa. Dra. Maria In\u00eaz Oliveira Ara\u00fajo \u2013 DED\/DEADE\/NPGED\/SALA VERDE\/GEPEASE<br><br><strong>VICE-COORDENDORA<\/strong><br>Prof\u00aa. Msc. Ac\u00e1ssia Cristina Souza \u2013 DGE\/ SALA VERDE\/GEPEASE<br><br><br><br><strong>COMISS\u00c3O CIENT\u00cdFICA<br><\/strong>Prof\u00aa. M.Sc. Ac\u00e1ssia Cristina Souza &#8211; UFS<br>Prof\u00aa Dra. Ana L\u00facia de Freitas \u2013 PUC-RS<br>Prof\u00aa. M.Sc. Alday Souza \u2013 UESB\/UNICAMP<br>Prof. Dr. Alexandre Gusm\u00e3o Pedrini \u2013 UFRJ<br>Prof\u00aa. M.Sc. Carla Jeane Helfemsteller Coelho &#8211; UFBA<br>Prof. Dr. Cl\u00e1udio Ubitaran Gon\u00e7alves &#8211; UFPE<br>Prof\u00aa. M.Sc. D\u00e9bora Evangelista Reis \u2013 SEED\/SE<br>Prof. M.Sc. Ednaldo Medeiros Carmo \u2013 UESB<br>Prof.\u00aa Dr.\u00aa Haid\u00e9e Torres de Oliveira &#8211; UNESP<br>Prof. Dr. Luiz Marcelo Carvalho \u2013 UNESP-Rio Claro<br>Prof\u00aa. Dra. Maria Auxiliadora Santos &#8211; FAMA<br>Prof\u00aa. Dra. Maria Helena Zucon &#8211; UFS<br>Prof\u00aa. Dra. Maria Jos\u00e9 Nascimento Soares &#8211; UFS<br>Prof\u00aa. Dra. Maria In\u00eaz Oliveira Ara\u00fajo &#8211; UFS<br>Prof\u00aa. M.Sc. Maria Ivone Santana Melo Paim &#8211; UVA<br>Prof. Dr. Marcelo Luiz Pelizzoli &#8211; UFPE<br>Prof. Dr. Marco Antonio Leandro Barzano &#8211; UESB<br>Profa. Dra. Martha Trist\u00e3o &#8211; UFES<br>Prof. M.Sc. Matheus Felizola &#8211; UFS<br>Prof. Dr. Miguel Angel Garcia Bordas &#8211; UFBA<br>Prof\u00aa. Dra. Myrna F. Landim &#8211; UFS<br>Prof. Dr. Renato Gomes Faria &#8211; UFS<br>Prof\u00aa. Dra. Rosemeri Melo e Souza &#8211; UFS<br>Prof. Dr. Paulo S\u00e9rgio Maroti \u2013 UFS \/Itabaiana<br>Prof.\u00aa Dr.\u00aa Ver\u00f4nica Reis M. Souza &#8211; UFS<br><br><br><strong>COMISS\u00c3O ORGANIZADORA<\/strong><br>Prof. Dr. Paulo S\u00e9rgio Maroti<br>Prof\u00aa. M.Sc. Carla Jeane Helfemsteller Coelho<br>Prof\u00aa. M.Sc. D\u00e9bora Evangelista Reis Oliveira<br>Prof\u00aa. Esp.Viviane Almeida Rezende<br>Prof\u00aa. Maria Ivanilde Meneses de Oliveira<br>Prof\u00aa. M.Sc. Maria Ivone Santana Melo Paim<br>Prof. Jos\u00e9 Waldson Costa de Andrade<br>Prof\u00aa. Leisit\u00e2nia Silva Nery<br>Prof\u00aa. N\u00e1dia Batista de Jesus<br>Aline Lima de Oliveira<br>Ann Let\u00edcia Arag\u00e3o Guarany<br>Half Yuri Nicholas Baltar Silva de Ponzzes<br>Daniele Santana de Melo<br>Jobeane Fran\u00e7a de Souza<br>Juliana Barreto Silva Ara\u00fajo<br>Tainan Amorim Santana<br>Ulisses Costa de Oliveira<br>Vanderlea da Silva Cardoso<br>Maria Jos\u00e9 Torres de Lima<\/p>\n","protected":false},"excerpt":{"rendered":"<p>ENCONTRO SERGIPANO DE EDUCA\u00c7\u00c3O AMBIENTAL &nbsp;&nbsp;III SEMIN\u00c1RIO INTERNO DA SALA VERDE NA UFS &nbsp;Diferentes olhares e perspectivas &nbsp;&nbsp;10 a&nbsp;13 de Dezembro de 2008 &nbsp;&nbsp;ISBN: 978-85-7822-059-4 Realiza\u00e7\u00e3oUNIVERSIDADE FEDERAL DE SERGIPE ReitorProf.<\/p>\n","protected":false},"author":1,"featured_media":0,"parent":0,"menu_order":0,"comment_status":"closed","ping_status":"closed","template":"","meta":[],"_links":{"self":[{"href":"https:\/\/gepease.com.br\/anais4\/index.php\/wp-json\/wp\/v2\/pages\/10"}],"collection":[{"href":"https:\/\/gepease.com.br\/anais4\/index.php\/wp-json\/wp\/v2\/pages"}],"about":[{"href":"https:\/\/gepease.com.br\/anais4\/index.php\/wp-json\/wp\/v2\/types\/page"}],"author":[{"embeddable":true,"href":"https:\/\/gepease.com.br\/anais4\/index.php\/wp-json\/wp\/v2\/users\/1"}],"replies":[{"embeddable":true,"href":"https:\/\/gepease.com.br\/anais4\/index.php\/wp-json\/wp\/v2\/comments?post=10"}],"version-history":[{"count":1,"href":"https:\/\/gepease.com.br\/anais4\/index.php\/wp-json\/wp\/v2\/pages\/10\/revisions"}],"predecessor-version":[{"id":11,"href":"https:\/\/gepease.com.br\/anais4\/index.php\/wp-json\/wp\/v2\/pages\/10\/revisions\/11"}],"wp:attachment":[{"href":"https:\/\/gepease.com.br\/anais4\/index.php\/wp-json\/wp\/v2\/media?parent=10"}],"curies":[{"name":"wp","href":"https:\/\/api.w.org\/{rel}","templated":true}]}}