{"id":275,"date":"2021-02-28T13:02:26","date_gmt":"2021-02-28T16:02:26","guid":{"rendered":"https:\/\/gepease.com.br\/anais2\/?page_id=275"},"modified":"2021-02-28T17:00:46","modified_gmt":"2021-02-28T20:00:46","slug":"especialidade-ea","status":"publish","type":"page","link":"https:\/\/gepease.com.br\/anais2\/index.php\/especialidade-ea\/","title":{"rendered":"Especialidade EA"},"content":{"rendered":"<p style=\"font-weight: 400; text-align: center;\"><strong>ESPECIALIZA\u00c7\u00c3O EM EA<\/strong><\/p>\n<p style=\"font-weight: 400;\"><strong>\u00a0<\/strong><\/p>\n<table width=\"535\">\n<tbody>\n<tr>\n<td width=\"217\"><strong>Autor(es)<\/strong><\/td>\n<td width=\"318\"><strong>Trabalho<\/strong><\/td>\n<\/tr>\n<tr>\n<td width=\"217\">Adilma Alves da Costa Souza<br \/>\nLaura Jane Gomes<\/td>\n<td width=\"318\"><a href=\"https:\/\/gepease.com.br\/anais2\/wp-content\/uploads\/2021\/02\/ea_01.pdf\">PERCEP\u00c7\u00c3O E DESPERD\u00cdCIO DA \u00c1GUA PELOS EDUCANDOS DE UMA ESCOLA URBANA NO MUNIC\u00cdPIO DE NOSSA SENHORA DA GL\u00d3RIA\/SE<\/a><\/td>\n<\/tr>\n<tr>\n<td width=\"217\">Aldeci do Santos<br \/>\nPaulo S\u00e9rgio Maroti<\/td>\n<td width=\"318\"><a href=\"https:\/\/gepease.com.br\/anais2\/wp-content\/uploads\/2021\/02\/ea_02.pdf\">PERCEP\u00c7\u00c3O AMBIENTAL: UM DIAGN\u00d3STICO DOS ALUNOS DE ENSINO FUNDAMENTAL ACERCA DO ECOSSISTEMA MANGUEZAL.<\/a><\/td>\n<\/tr>\n<tr>\n<td width=\"217\">Ana Paula Rabelo Gomes<br \/>\nRosemeire Melo e Souza<\/td>\n<td width=\"318\"><a href=\"https:\/\/gepease.com.br\/anais2\/wp-content\/uploads\/2021\/02\/ea_03.pdf\">ESTRAT\u00c9GIA PEDAG\u00d3GICA NA ESCOLHA DE UMA ARVORE S\u00cdMBOLO NO MUNIC\u00cdPIO DE BARRA DOS COQUEIROS &#8211; SE\u00a0<\/a><\/td>\n<\/tr>\n<tr>\n<td width=\"217\">Andr\u00e9 Lu\u00eds Concei\u00e7\u00e3o Alves<br \/>\nMaria Augusta Mundim Vargas<\/td>\n<td width=\"318\"><a href=\"https:\/\/gepease.com.br\/anais2\/wp-content\/uploads\/2021\/02\/ea_04.pdf\">PERSPECTIVAS E DESAFIOS DA EDUCA\u00c7\u00c3O AMBIENTAL: PR\u00c1TICAS NO COL\u00c9GIO ESTADUAL GON\u00c7ALO ROLLEMBERG LEITE<\/a><\/td>\n<\/tr>\n<tr>\n<td width=\"217\">Claudemir Ferreira dos Santos<br \/>\nCarmen Regina Parisotto Guimar\u00e3es<\/td>\n<td width=\"318\"><a href=\"https:\/\/gepease.com.br\/anais2\/wp-content\/uploads\/2021\/02\/ea_05.pdf\">ECOSSISTEMA DE PRAIA: PROPOSTA DE UM RECURSO ON-LINE PARA EDUCA\u00c7\u00c3O AMBIENTAL<\/a><\/td>\n<\/tr>\n<tr>\n<td width=\"217\">D\u00e9bora Evangelista Reis Oliveira<br \/>\nS\u00f4nia Meire Santos Azevedo de Jesus<\/td>\n<td width=\"318\"><a href=\"https:\/\/gepease.com.br\/anais2\/wp-content\/uploads\/2021\/02\/ea_06.pdf\">A LINGUAGEM DOS QUADRINHOS EM SALA DE AULA: UMA ESTRAT\u00c9GIA DE INSER\u00c7\u00c3O DA EDUCA\u00c7\u00c3O AMBIENTAL EM UMA ESCOLA DA REDE P\u00daBLICA DE SERGIPE\/BRASIL<\/a><\/td>\n<\/tr>\n<tr>\n<td width=\"217\">Elder dos Santos Lima<br \/>\nPaulo S\u00e9rgio Maroti<\/td>\n<td width=\"318\"><a href=\"https:\/\/gepease.com.br\/anais2\/wp-content\/uploads\/2021\/02\/ea_07.pdf\">PERCEP\u00c7\u00c3O AMBIENTAL DE ALUNOS SOBRE PRAIAS, DUNAS E RESTINGAS NA ESCOLA ESTADUAL PROF. JOS\u00c9 FRANKLIN, MUNIC\u00cdPIO DE BARRA DOS COQUEIROS\/SE<\/a><\/td>\n<\/tr>\n<tr>\n<td width=\"217\">Eline Almeida Santos<\/p>\n<p>Rosemeri Melo e Souza<\/td>\n<td width=\"318\"><a href=\"https:\/\/gepease.com.br\/anais2\/wp-content\/uploads\/2021\/02\/ea_08.pdf\">EDUCA\u00c7\u00c3O AMBIENTAL E COTIDIANO ESCOLAR: PERCEP\u00c7\u00c3O DOS ATORES SOCIAIS DA E. E. JO\u00c3O ARLINDO DE JESUS -TAI\u00c7OCA DE FORA\/ NOSSA SENHORA DO SOCORRO<\/a><\/td>\n<\/tr>\n<tr>\n<td width=\"217\">Hernani de Carvalho Menezes Neto<br \/>\nS\u00f4nia Meire Santos Azevedo de Jesus<\/td>\n<td width=\"318\"><a href=\"https:\/\/gepease.com.br\/anais2\/wp-content\/uploads\/2021\/02\/ea_09.pdf\">CONCEP\u00c7\u00c3O E PR\u00c1TICAS PEDAG\u00d3GICAS EM EDUCA\u00c7\u00c3O AMBIENTAL: PROFESSORES DE GEOGRAFIA NAS ESCOLAS ESTADUAIS DO CONJUNTO EDUARDO GOMES<\/a><\/td>\n<\/tr>\n<tr>\n<td width=\"217\">Ilsema dos Santos Chagas<br \/>\nMyrna F. Landim<\/td>\n<td width=\"318\"><a href=\"https:\/\/gepease.com.br\/anais2\/wp-content\/uploads\/2021\/02\/ea_10.pdf\">PERCEP\u00c7\u00c3O AMBIENTAL DE ALUNOS DO ENSINO M\u00c9DIO FREQUENTADORES DO SHOPPING JARDINS, ARACAJU, SE, EM RELA\u00c7\u00c3O A SEUS H\u00c1BITOS DE CONSUMO E \u00c0 PROBLEM\u00c1TICA AMBIENTAL.<\/a><\/td>\n<\/tr>\n<tr>\n<td width=\"217\">Jaasiel Jairo c. Da Rocha<br \/>\nCarla Jeane H. Coelho<\/td>\n<td width=\"318\"><a href=\"https:\/\/gepease.com.br\/anais2\/wp-content\/uploads\/2021\/02\/ea_11.pdf\">A IMPORT\u00c2NCIA DA INTRA-SUBJETIVIDADE NO TRABALHO DOCENTE EM EDUCA\u00c7\u00c3O AMBIENTAL<\/a><\/td>\n<\/tr>\n<tr>\n<td width=\"217\">Janini de Oliveira F\u00e9lix<\/td>\n<td width=\"318\"><a href=\"https:\/\/gepease.com.br\/anais2\/wp-content\/uploads\/2021\/02\/ea_12.pdf\">PERCEP\u00c7\u00c3O DE APLICABILIDADE DE CONCEITOS\u00a0EM CURSO DE ESPECIALIZA\u00c7\u00c3O\u00a0EM EDUCA\u00c7\u00c3O AMBIENTAL EM\u00a0SERGIPE<\/a><\/td>\n<\/tr>\n<tr>\n<td width=\"217\">Jeanne Ara\u00fajo Vasconcelos<\/td>\n<td width=\"318\"><a href=\"https:\/\/gepease.com.br\/anais2\/wp-content\/uploads\/2021\/02\/ea_13.pdf\">A EDUCA\u00c7\u00c3O BIOC\u00caNTRICA COMO NOVO PARADIGMA EDUCACIONAL<\/a><\/td>\n<\/tr>\n<tr>\n<td width=\"217\">Jo\u00e3o L\u00edmpias Rabelo<br \/>\nMaria Augusta Mundim Vargas<\/td>\n<td width=\"318\"><a href=\"https:\/\/gepease.com.br\/anais2\/wp-content\/uploads\/2021\/02\/ea_14.pdf\">PERSPECTIVAS DE EDUCA\u00c7\u00c3O AMBIENTAL A PARTIR DAS NO\u00c7\u00d5ES DE NATUREZA E MEIO AMBIENTE<\/a><\/td>\n<\/tr>\n<tr>\n<td width=\"217\">Josefa Rosiela Dos Santos<\/td>\n<td width=\"318\"><a href=\"https:\/\/gepease.com.br\/anais2\/wp-content\/uploads\/2021\/02\/ea_15.pdf\">AS CONCEP\u00c7\u00d5ES DE MEIO AMBIENTE DOS ALUNOS DO 7\u00ba ANO DA ESCOLA MUNICIPAL DR. JESS\u00c9 ANDRADE FONTES DO MUNIC\u00cdPIO DE ARAU\u00c1\/SE<\/a><\/td>\n<\/tr>\n<tr>\n<td width=\"217\">Leisit\u00e2nia Silva Nery<br \/>\nMaria In\u00eaz Oliveira Ara\u00fajo<\/td>\n<td width=\"318\"><a href=\"https:\/\/gepease.com.br\/anais2\/wp-content\/uploads\/2021\/02\/ea_16.pdf\">PROJETO \u201cSALA VERDE NA UFS\u201d FRENTE AS EXPECTATIVAS DE PROFESSORES<\/a><\/td>\n<\/tr>\n<tr>\n<td width=\"217\">Luiz Fernando Alves Lima<br \/>\nEdmar Ramos de Siqueira<\/td>\n<td width=\"318\"><a href=\"https:\/\/gepease.com.br\/anais2\/wp-content\/uploads\/2021\/02\/ea_17.pdf\">EDUCA\u00c7\u00c3O AMBIENTAL, TRABALHO E CAPITALISMO: CAMINHOS OU (DES) CAMINHOS PARA O DESENVOLVIMENTO SUSTENT\u00c1VEL?<\/a><\/td>\n<\/tr>\n<tr>\n<td width=\"217\">Maria Auxiliadora Gomes Santos<\/td>\n<td width=\"318\"><a href=\"https:\/\/gepease.com.br\/anais2\/wp-content\/uploads\/2021\/02\/ea_18.pdf\">OS DESAFIOS PARA IMPLEMENTA\u00c7\u00c3O DA EDUCA\u00c7\u00c3O AMBIENTAL NA ESCOLA P\u00daBLICA DE SERGIPE: PERCEP\u00c7\u00c3O DE UM EDUCADOR<\/a><\/td>\n<\/tr>\n<tr>\n<td width=\"217\">Maria Eliana Soares de Farias<br \/>\nRosemeri Melo e Souza<\/td>\n<td width=\"318\"><a href=\"https:\/\/gepease.com.br\/anais2\/wp-content\/uploads\/2021\/02\/ea_19.pdf\">EDUCA\u00c7\u00c3O AMBIENTAL: PERCEP\u00c7\u00c3O E ABORDAGENS METODOL\u00d3GICAS NA EDUCA\u00c7\u00c3O DE JOVENS E ADULTOS<\/a><\/td>\n<\/tr>\n<tr>\n<td width=\"217\">Maria Elizabete Barreto<br \/>\nLaura Jane Gomes<\/td>\n<td width=\"318\"><a href=\"https:\/\/gepease.com.br\/anais2\/wp-content\/uploads\/2021\/02\/ea_20.pdf\">EDUCA\u00c7\u00c3O AMBIENTAL NAS ESCOLAS MUNICIPAIS DE NOSSA SENHORA DA GL\u00d3RIA-SE.<\/a><\/td>\n<\/tr>\n<tr>\n<td width=\"217\">Maria Ivanilde Meneses de Oliveira<br \/>\nCarla Jeane Helfemsteller Coelho<\/td>\n<td width=\"318\"><a href=\"https:\/\/gepease.com.br\/anais2\/wp-content\/uploads\/2021\/02\/ea_21.pdf\">EDUCA\u00c7\u00c3O AMBIENTAL: DESDOBRAMENTOS DAS CONFER\u00caNCIAS INFANTO-JUVENIL PELO MEIO AMBIENTE EM SERGIPE<\/a><\/td>\n<\/tr>\n<tr>\n<td width=\"217\">Maria Laura Vieira de Santana<br \/>\nLaura Jane Gomes<\/td>\n<td width=\"318\"><a href=\"https:\/\/gepease.com.br\/anais2\/wp-content\/uploads\/2021\/02\/ea_22.pdf\">PR\u00c1TICAS AGR\u00cdCOLAS DESENVOLVIDAS PELOS ESTUDANTES DE UMA ESCOLA RURAL NO MUNIC\u00cdPIO DE NOSSA SENHORA DA GL\u00d3RIA (SE)<\/a><\/td>\n<\/tr>\n<tr>\n<td width=\"217\">Maria Leni da Silva<br \/>\nMyrna Landim<\/td>\n<td width=\"318\"><a href=\"https:\/\/gepease.com.br\/anais2\/wp-content\/uploads\/2021\/02\/ea_23.pdf\">AN\u00c1LISE DO CONHECIMENTO DE ALUNOS DO ENSINO M\u00c9DIO SOBRE A PROBLEM\u00c1TICA AMBIENTAL DO COMPLEXO TAI\u00c7OCA, N. S. DO SOCORRO, SE.<\/a><\/td>\n<\/tr>\n<tr>\n<td width=\"217\">Maria Overlandia Oliveira<br \/>\nLaura Jane Gomes<\/td>\n<td width=\"318\"><a href=\"https:\/\/gepease.com.br\/anais2\/wp-content\/uploads\/2021\/02\/ea_24.pdf\">ARBORIZA\u00c7\u00c3O URBANA E PERCEP\u00c7\u00c3O DE EDUCANDOS DE UMA ESCOLA URBANA EM NOSSA SENHORA DA GL\u00d3RIA\/SE<\/a><\/td>\n<\/tr>\n<tr>\n<td width=\"217\">Marileide dos Santos Nascimento<br \/>\nMaria In\u00eaz Oliveira Araujo<\/td>\n<td width=\"318\"><a href=\"https:\/\/gepease.com.br\/anais2\/wp-content\/uploads\/2021\/02\/ea_25.pdf\">IMPACTOS DE METODOLOGIA PELO PROJETO SALA VERDE NA PR\u00c1TICA DOS PROFESSORES DAS S\u00c9RIES INICIAIS<\/a><\/td>\n<\/tr>\n<tr>\n<td width=\"217\">Matheus Pereira Mattos Felizola<br \/>\nLaura Jane Gomes<\/td>\n<td width=\"318\"><a href=\"https:\/\/gepease.com.br\/anais2\/wp-content\/uploads\/2021\/02\/ea_26.pdf\">AS PR\u00c1TICAS DE EDUCOMUNICA\u00c7\u00c3O PARA O DESENVOLVIMENTO \u2013 A FORMA\u00c7\u00c3O DE PROFESSORES NO SEMI-\u00c1RIDO SERGIPANO.<\/a><\/td>\n<\/tr>\n<tr>\n<td width=\"217\">Neriana Marques da Fonseca<\/td>\n<td width=\"318\"><a href=\"https:\/\/gepease.com.br\/anais2\/wp-content\/uploads\/2021\/02\/ea_27.pdf\">A EDUCA\u00c7\u00c3O AMBIENTAL NA PR\u00c1TICA ESCOLAR E A INTERDISCIPLINARIDADE<\/a><\/td>\n<\/tr>\n<tr>\n<td width=\"217\">Patricia Gercina dos Santos<br \/>\nKarla Fernanda Barbosa Barreto<\/td>\n<td width=\"318\"><a href=\"https:\/\/gepease.com.br\/anais2\/wp-content\/uploads\/2021\/02\/ea_28.pdf\">CONCEP\u00c7\u00c3O DOS ALUNOS DO COL\u00c9GIO GILBERTO FREIRE SOBRE O ECOSSISTEMA MANGUEZAL<\/a><\/td>\n<\/tr>\n<tr>\n<td width=\"217\">Priscila da Costa Tavares<br \/>\nMaria In\u00eas Oliveira Ara\u00fajo<\/td>\n<td width=\"318\"><a href=\"https:\/\/gepease.com.br\/anais2\/wp-content\/uploads\/2021\/02\/ea_29.pdf\">COMO O OCEAN\u00c1RIO DE ARACAJU CONTRIBUI PARA A EDUCA\u00c7\u00c3O AMBIENTAL<\/a><\/td>\n<\/tr>\n<tr>\n<td width=\"217\">Ravany Cley dos Santos Silva<br \/>\nMyrna F. Landim de Souza<\/td>\n<td width=\"318\"><a href=\"https:\/\/gepease.com.br\/anais2\/wp-content\/uploads\/2021\/02\/ea_30.pdf\">AN\u00c1LISE DA ABORDAGEM DAS QUEST\u00d5ES AMBIENTAIS NA EDUCA\u00c7\u00c3O DE JOVENS E ADULTOS DO ENSINO M\u00c9DIO EM BARRA DOS COQUEIROS, SE<\/a><\/td>\n<\/tr>\n<tr>\n<td width=\"217\">Tha\u00eds Paix\u00e3o Francisco<\/td>\n<td width=\"318\"><a href=\"https:\/\/gepease.com.br\/anais2\/wp-content\/uploads\/2021\/02\/ea_31.pdf\">A EDUCA\u00c7\u00c3O AMBIENTAL NOS PROGRAMAS DE ENSINO DE SOCIOLOGIA DE ESCOLAS PUBLICAS DE SERGIPE<\/a><\/td>\n<\/tr>\n<\/tbody>\n<\/table>\n","protected":false},"excerpt":{"rendered":"<p>ESPECIALIZA\u00c7\u00c3O EM EA \u00a0 Autor(es) Trabalho Adilma Alves da Costa Souza Laura Jane Gomes PERCEP\u00c7\u00c3O E DESPERD\u00cdCIO DA \u00c1GUA PELOS EDUCANDOS DE UMA ESCOLA URBANA NO MUNIC\u00cdPIO DE NOSSA SENHORA<\/p>\n","protected":false},"author":2,"featured_media":0,"parent":0,"menu_order":0,"comment_status":"closed","ping_status":"closed","template":"","meta":[],"_links":{"self":[{"href":"https:\/\/gepease.com.br\/anais2\/index.php\/wp-json\/wp\/v2\/pages\/275"}],"collection":[{"href":"https:\/\/gepease.com.br\/anais2\/index.php\/wp-json\/wp\/v2\/pages"}],"about":[{"href":"https:\/\/gepease.com.br\/anais2\/index.php\/wp-json\/wp\/v2\/types\/page"}],"author":[{"embeddable":true,"href":"https:\/\/gepease.com.br\/anais2\/index.php\/wp-json\/wp\/v2\/users\/2"}],"replies":[{"embeddable":true,"href":"https:\/\/gepease.com.br\/anais2\/index.php\/wp-json\/wp\/v2\/comments?post=275"}],"version-history":[{"count":3,"href":"https:\/\/gepease.com.br\/anais2\/index.php\/wp-json\/wp\/v2\/pages\/275\/revisions"}],"predecessor-version":[{"id":311,"href":"https:\/\/gepease.com.br\/anais2\/index.php\/wp-json\/wp\/v2\/pages\/275\/revisions\/311"}],"wp:attachment":[{"href":"https:\/\/gepease.com.br\/anais2\/index.php\/wp-json\/wp\/v2\/media?parent=275"}],"curies":[{"name":"wp","href":"https:\/\/api.w.org\/{rel}","templated":true}]}}