{"id":18,"date":"2021-01-04T18:09:34","date_gmt":"2021-01-04T21:09:34","guid":{"rendered":"https:\/\/gepease.com.br\/anais2\/?page_id=18"},"modified":"2021-02-28T12:58:09","modified_gmt":"2021-02-28T15:58:09","slug":"posteres","status":"publish","type":"page","link":"https:\/\/gepease.com.br\/anais2\/index.php\/posteres\/","title":{"rendered":"P\u00f4steres"},"content":{"rendered":"<p style=\"font-weight: 400; text-align: center;\"><b>P\u00d4STERES<\/b><\/p>\n<p>&nbsp;<\/p>\n<p><strong>EIXO 1: EDUCA\u00c7\u00c3O AMBIENTAL FORMAL<\/strong><\/p>\n<table width=\"535\">\n<tbody>\n<tr>\n<td width=\"182\"><strong>Nome<\/strong><\/td>\n<td width=\"362\"><strong>Trabalho<\/strong><\/td>\n<\/tr>\n<tr>\n<td width=\"182\">\u00c2ngelo\u00a0Francklin\u00a0Pitanga<\/td>\n<td width=\"362\"><a href=\"https:\/\/gepease.com.br\/anais2\/wp-content\/uploads\/2021\/02\/BE1_01.pdf\">FOTOSS\u00cdNTESE: UM TEMA DE ATIVIDADE INVESTIGATIVA PARA AULAS DE CI\u00caNCIAS NO ENSINO FUNDAMENTAL<\/a><\/td>\n<\/tr>\n<tr>\n<td width=\"182\">Evelyn\u00a0Santos de Almeida<br \/>\nMicaele\u00a0Oliveira Eug\u00eanio<br \/>\nMaria Aldenise Xavier<\/td>\n<td width=\"362\"><a href=\"https:\/\/gepease.com.br\/anais2\/wp-content\/uploads\/2021\/02\/BE1_02.pdf\">A CONCEP\u00c7\u00c3O AMBIENTAL DOS ALUNOS DO 8\u00b0 ANO DO COL\u00c9GIO O SABER\/ITABAIANA-SERGIPE<\/a><\/td>\n<\/tr>\n<tr>\n<td width=\"182\">T\u00e2mara Moraes Bastos<\/td>\n<td width=\"362\"><a href=\"https:\/\/gepease.com.br\/anais2\/wp-content\/uploads\/2021\/02\/BE1_03.pdf\">EDUCA\u00c7\u00c3O AMBIENTAL PARA JOVENS\u00a0 E ADULTOS: UMA PROPOSTA INTERDISCIPLINAR<\/a><\/td>\n<\/tr>\n<tr>\n<td width=\"182\">Vilma Maria Torres Santos<br \/>\nMarta Cristina Vieira Farias<\/td>\n<td width=\"362\"><a href=\"https:\/\/gepease.com.br\/anais2\/wp-content\/uploads\/2021\/02\/BE1_04.pdf\">EDUCA\u00c7\u00c3O AMBIENTAL E ALFABETIZA\u00c7\u00c3O DE ADULTOS: UMA EXPERI\u00caNCIA DO ALFASOL EM SERGIPE<\/a><\/td>\n<\/tr>\n<\/tbody>\n<\/table>\n<p style=\"font-weight: 400;\">\n<p><strong>EIXO\u00a02: EDUCA\u00c7\u00c3O AMBIENTAL N\u00c3O FORMAL<\/strong><\/p>\n<table width=\"535\">\n<tbody>\n<tr>\n<td width=\"223\"><strong>Nome<\/strong><\/td>\n<td width=\"312\"><strong>Trabalho<\/strong><\/td>\n<\/tr>\n<tr>\n<td width=\"223\">Cristina de Souza Bispo<\/td>\n<td width=\"312\"><a href=\"https:\/\/gepease.com.br\/anais2\/wp-content\/uploads\/2021\/02\/BE2_01.pdf\">PROJETO SALA VERDE: UMA EXPERI\u00caNCIA DE EDUCA\u00c7\u00c3O PARA GEST\u00c3O AMBIENTAL\u00a0<\/a><\/td>\n<\/tr>\n<tr>\n<td width=\"223\">Dismeire\u00a0Vasco Oliveira Pereira<\/p>\n<p>Celia\u00a0Waylan\u00a0Pereira<\/td>\n<td width=\"312\"><a href=\"https:\/\/gepease.com.br\/anais2\/wp-content\/uploads\/2021\/02\/BE2_02.pdf\">COLE\u00c7\u00c3O DID\u00c1TICA DE ELASMOBR\u00c2NQUIOS: UM PROJETO DE EDUCA\u00c7\u00c3O AMBIENTAL<\/a><\/td>\n<\/tr>\n<tr>\n<td width=\"223\">Elizabeth Azevedo de Oliveira<\/td>\n<td width=\"312\"><a href=\"https:\/\/gepease.com.br\/anais2\/wp-content\/uploads\/2021\/02\/BE2_03.pdf\">PROCESSO DE CONSTRU\u00c7\u00c3O COLETIVA DO PROJETO POL\u00cdTICO PEDAG\u00d3GICO DO COLETIVO EDUCADOR NO TERRIT\u00d3RIO DO ALTO SERT\u00c3O SERGIPANO<\/a><\/td>\n<\/tr>\n<tr>\n<td width=\"223\">Iris\u00a0Rianne\u00a0Santana Alves<\/p>\n<p>Paulo S\u00e9rgio\u00a0Maroti<\/p>\n<p>Fernanda\u00a0Tatiane\u00a0dos Santos Reis<\/td>\n<td width=\"312\"><a href=\"https:\/\/gepease.com.br\/anais2\/wp-content\/uploads\/2021\/02\/BE2_04.pdf\">A PRODU\u00c7\u00c3O DE MATERIAIS DID\u00c1TICOS PARA O ENSINO DE ECOLOGIA: MUSEU ITINERANTE DA RPPN FONTE DA BICA\/AREIA BRANCA &#8211; SE<\/a><\/td>\n<\/tr>\n<tr>\n<td width=\"223\">Jamylle\u00a0Barcellos de Souza<\/p>\n<p>Myrna\u00a0Friederichs\u00a0Landim<\/p>\n<p>Samantha Carvalho Santos<\/td>\n<td width=\"312\"><a href=\"https:\/\/gepease.com.br\/anais2\/wp-content\/uploads\/2021\/02\/BE2_05.pdf\">COL\u00d4NIA DE F\u00c9RIAS COMO INSTRUMENTO DE EDUCA\u00c7\u00c3O AMBIENTAL<\/a><\/td>\n<\/tr>\n<tr>\n<td width=\"223\">Licio\u00a0Val\u00e9rio Lima Vieira<\/p>\n<p>Elizabeth Azevedo de Oliveira<\/td>\n<td width=\"312\"><a href=\"https:\/\/gepease.com.br\/anais2\/wp-content\/uploads\/2021\/02\/BE2_06.pdf\">CONSTRU\u00c7\u00c3O COLETIVA: A EXPERI\u00caNCIA DO PROCESSO DE ELABORA\u00c7\u00c3O DA POL\u00cdTICA ESTADUAL DE EDUCA\u00c7\u00c3O AMBIENTAL DE SERGIPE EM FOCO.<\/a><\/td>\n<\/tr>\n<tr>\n<td width=\"223\">Paulo J. C. Mello<\/p>\n<p>Rosinalda C. Silva<\/td>\n<td width=\"312\"><a href=\"https:\/\/gepease.com.br\/anais2\/wp-content\/uploads\/2021\/02\/BE2_07.pdf\">EDUCA\u00c7\u00c3O AMBIENTAL E EDUCA\u00c7\u00c3O PATRIMONIAL. A PROTE\u00c7\u00c3O DO PATRIM\u00d4NIO ARQUEOL\u00d3GICO<\/a><\/td>\n<\/tr>\n<tr>\n<td width=\"223\">Priscila Christina Borges Dias<br \/>\nMyrna\u00a0F. Landim<\/td>\n<td width=\"312\"><a href=\"https:\/\/gepease.com.br\/anais2\/wp-content\/uploads\/2021\/02\/BE2_08.pdf\">O MANGUEZAL NA NOSSA MESA: ATIVIDADES DE EDUCA\u00c7\u00c3O AMBIENTAL EM BARES E RESTAURANTES DE ARACAJU\u00a0\u2013 SE<\/a><\/td>\n<\/tr>\n<tr>\n<td width=\"223\">Renata Morais da Silva<\/p>\n<p>Ol\u00edvio Alberto Teixeira<\/td>\n<td width=\"312\"><a href=\"https:\/\/gepease.com.br\/anais2\/wp-content\/uploads\/2021\/02\/BE2_09.pdf\">NOVOS PAP\u00c9IS: A ARTE DA BIJUTERIA DE BREJ\u00c3O DOS NEGROS<\/a><\/td>\n<\/tr>\n<\/tbody>\n<\/table>\n<p style=\"font-weight: 400;\"><strong>\u00a0<\/strong><\/p>\n<p>&nbsp;<\/p>\n<p><strong>EIXO\u00a03: FORMA\u00c7\u00c3O DE PROFESSORES<\/strong><\/p>\n<table width=\"535\">\n<tbody>\n<tr>\n<td width=\"211\"><strong>Nome<\/strong><\/td>\n<td width=\"323\"><strong>Trabalho<\/strong><\/td>\n<\/tr>\n<tr>\n<td width=\"211\">Carla Jeane\u00a0Helfemsteller\u00a0Coelho<\/p>\n<p>Miguel Angel Garcia Bordas<\/td>\n<td width=\"323\"><a href=\"https:\/\/gepease.com.br\/anais2\/wp-content\/uploads\/2021\/02\/BE3_01.pdf\">EDUCA\u00c7\u00c3O BIOC\u00caNTRICA E ALTERIDADE COMO ACONTECIMENTO \u00c9TICO: VIV\u00caNCIA EM EDUCA\u00c7\u00c3O AMBIENTAL<\/a><\/td>\n<\/tr>\n<\/tbody>\n<\/table>\n<p><strong>\u00a0<\/strong><\/p>\n<p><strong>EIXO\u00a04: PESQUISA EM EDUCA\u00c7\u00c3O AMBIENTAL<\/strong><\/p>\n<table width=\"535\">\n<tbody>\n<tr>\n<td width=\"207\"><strong>Nome<\/strong><\/td>\n<td width=\"327\"><strong>Trabalho<\/strong><\/td>\n<\/tr>\n<tr>\n<td width=\"207\">Ac\u00e1cio Milit\u00e3o de Oliveira<\/p>\n<p>Adriano Sousa Messias<\/td>\n<td width=\"327\"><a href=\"https:\/\/gepease.com.br\/anais2\/wp-content\/uploads\/2021\/02\/BE4_01.pdf\">AN\u00c1LISE AMBIENTAL NA BACIA DO RIO SALGADO EM FREI PAULO\/SE<\/a><\/td>\n<\/tr>\n<tr>\n<td width=\"207\">Daniel A. S. de Assis<\/p>\n<p>Agair J. C. Carvalho<\/p>\n<p>Rodolfo de. F. Alves<\/td>\n<td width=\"327\"><a href=\"https:\/\/gepease.com.br\/anais2\/wp-content\/uploads\/2021\/02\/BE4_02.pdf\">PESQUISA APLICADA \u00c0\u00a0EDUCA\u00c7\u00c3O AMBIENTAL NA CIDADE DE ARACAJU<\/a><\/td>\n<\/tr>\n<tr>\n<td width=\"207\">Diego Andrade Vasconcelos<\/p>\n<p>Evellyn Santos de Almeida<\/p>\n<p>Tainan Amorim Santana<\/td>\n<td width=\"327\"><a href=\"https:\/\/gepease.com.br\/anais2\/wp-content\/uploads\/2021\/02\/BE4_03.pdf\">O QUE OS ALUNOS DA LICENCIATURA DE QU\u00cdMICA PENSAM SOBRE EDUCA\u00c7\u00c3O AMBIENTAL<\/a><\/td>\n<\/tr>\n<tr>\n<td width=\"207\">Elis\u00e2ngela Alves de Lima<\/p>\n<p>Juliano Silva Lima<\/td>\n<td width=\"327\"><a href=\"https:\/\/gepease.com.br\/anais2\/wp-content\/uploads\/2021\/02\/BE4_04.pdf\">PERCEP\u00c7\u00c3O DOS PRODUTORES RURAIS SOBRE O USO DE DEFENSIVOS AGR\u00cdCOLAS NAS LAVOURAS DO MUNIC\u00cdPIO DE S\u00c3O MIGUEL DO ALEIXO\/SE.<\/a><\/td>\n<\/tr>\n<tr>\n<td width=\"207\">Gecilane Ferreira<\/p>\n<p>Aila Oliveira Serpa<\/p>\n<p>Arinos Oliveira<\/p>\n<p>Joanatan Fernandes Rocha Reis<\/td>\n<td width=\"327\"><a href=\"https:\/\/gepease.com.br\/anais2\/wp-content\/uploads\/2021\/02\/BE4_05.pdf\">OS IMPACTOS DAS A\u00c7\u00d5ES DE EDUCA\u00c7\u00c3O AMBIENTAL REFLETIDOS NOS DESENHOS DAS CRIAN\u00c7AS<\/a><\/td>\n<\/tr>\n<tr>\n<td width=\"207\">Jailde Fontes Vasconcelos<\/p>\n<p>Luana Pereira da Silva Santos<\/td>\n<td width=\"327\"><a href=\"https:\/\/gepease.com.br\/anais2\/wp-content\/uploads\/2021\/02\/BE4_06.pdf\">EDUCA\u00c7\u00c3O AMBIENTAL: UMA FERRAMENTA NECESS\u00c1RIA AO CONTROLE DOS IMPACTOS AMBIENTAIS NA AGRICULTURA MODERNA NO AGRESTE DE ITABAIANA &#8211; SERGIPE<\/a><\/td>\n<\/tr>\n<tr>\n<td width=\"207\">Jos\u00e9 Wellington Rodrigues Bomfim<\/p>\n<p>Uendel Souza Almeida<\/p>\n<p>Maria Tamires Ribeiro dos Santos<\/p>\n<p>Daniel Almeida<\/p>\n<p>Luciano Esteves de Jesus Adem\u00e1rio Alves Santos<\/td>\n<td width=\"327\"><a href=\"https:\/\/gepease.com.br\/anais2\/wp-content\/uploads\/2021\/02\/BE4_07.pdf\">UMA QUEST\u00c3O AMBIENTAL: A PROBLEM\u00c1TICA DA PRODU\u00c7\u00c3O DO LIXO NO MUNICIPIO DE LAGARTO-SERGIPE<\/a><\/td>\n<\/tr>\n<tr>\n<td width=\"207\">Maria Aldenise Xavier<\/p>\n<p>Micaele Oliveira Eug\u00eanio<\/p>\n<p>Diego Andrade Vasconcelos<\/p>\n<p>Tainan Amorim Santana<\/td>\n<td width=\"327\"><a href=\"https:\/\/gepease.com.br\/anais2\/wp-content\/uploads\/2021\/02\/BE4_08.pdf\">AN\u00c1LISE DA CONCEP\u00c7\u00c3O AMBIENTAL DOS ALUNOS DO 3\u00ba PER\u00cdODO DE BIOLOGIA SOBRE EDUCA\u00c7\u00c3O AMBIENTAL<\/a><\/td>\n<\/tr>\n<tr>\n<td width=\"207\">Maria Rosane Prado Almeida<\/p>\n<p>Jailde Fontes Vasconcelos<\/td>\n<td width=\"327\"><a href=\"https:\/\/gepease.com.br\/anais2\/wp-content\/uploads\/2021\/02\/BE4_09.pdf\">ECOTURISMO E EDUCA\u00c7\u00c3O AMBIENTAL: PARCERIA QUE GERA CONCIENTIZA\u00c7\u00c3O E DESEMVOLVIMENTO ECON\u00d4MICO NO POVOADO TAI\u00c7OCA DE FORA NO MUNICIPIO DE NOSSA SENHORA DO SOCORRO\/SE.<\/a><\/td>\n<\/tr>\n<tr>\n<td width=\"207\">Maryanne Vieira Santos<\/p>\n<p>Renata Batista Correia<\/td>\n<td width=\"327\">A<a href=\"https:\/\/gepease.com.br\/anais2\/wp-content\/uploads\/2021\/02\/BE4_10.pdf\">N\u00c1LISE DAS A\u00c7\u00d5ES DESENVOLVIDAS EM EDUCA\u00c7\u00c3O AMBIENTAL NA ESCOLA ESTADUAL DEPUTADO GILVAN BARROS DO MUNIC\u00cdPIO GIRAU DO PONCIANO \u2013 AL<\/a><\/td>\n<\/tr>\n<tr>\n<td width=\"207\">Wesley Alves dos Santos<\/p>\n<p>Roberto Alves de Souza<\/p>\n<p>Lucimara Gomes da Silva Rocha<\/p>\n<p>Priscilla de A. Nascimento<\/p>\n<p>Miria Rose Farias Silva<\/p>\n<p>Danillo F\u00e9lix de Santana<\/p>\n<p>Mayara de O. Santos<\/p>\n<p>Aracy Losano Fontes<\/p>\n<p>&nbsp;<\/td>\n<td width=\"327\"><a href=\"https:\/\/gepease.com.br\/anais2\/wp-content\/uploads\/2021\/02\/BE4_11.pdf\">CARACTERIZA\u00c7\u00c3O GEOAMBIENTAL DA MICRORREGI\u00c3O DE JAPARATUBA \u2013 SERGIPE.<\/a><\/td>\n<\/tr>\n<\/tbody>\n<\/table>\n<p style=\"font-weight: 400;\"><strong>\u00a0<\/strong><\/p>\n<p style=\"font-weight: 400;\"><strong>\u00a0<\/strong><\/p>\n","protected":false},"excerpt":{"rendered":"<p>P\u00d4STERES &nbsp; EIXO 1: EDUCA\u00c7\u00c3O AMBIENTAL FORMAL Nome Trabalho \u00c2ngelo\u00a0Francklin\u00a0Pitanga FOTOSS\u00cdNTESE: UM TEMA DE ATIVIDADE INVESTIGATIVA PARA AULAS DE CI\u00caNCIAS NO ENSINO FUNDAMENTAL Evelyn\u00a0Santos de Almeida Micaele\u00a0Oliveira Eug\u00eanio Maria Aldenise<\/p>\n","protected":false},"author":1,"featured_media":0,"parent":0,"menu_order":0,"comment_status":"closed","ping_status":"closed","template":"","meta":[],"_links":{"self":[{"href":"https:\/\/gepease.com.br\/anais2\/index.php\/wp-json\/wp\/v2\/pages\/18"}],"collection":[{"href":"https:\/\/gepease.com.br\/anais2\/index.php\/wp-json\/wp\/v2\/pages"}],"about":[{"href":"https:\/\/gepease.com.br\/anais2\/index.php\/wp-json\/wp\/v2\/types\/page"}],"author":[{"embeddable":true,"href":"https:\/\/gepease.com.br\/anais2\/index.php\/wp-json\/wp\/v2\/users\/1"}],"replies":[{"embeddable":true,"href":"https:\/\/gepease.com.br\/anais2\/index.php\/wp-json\/wp\/v2\/comments?post=18"}],"version-history":[{"count":21,"href":"https:\/\/gepease.com.br\/anais2\/index.php\/wp-json\/wp\/v2\/pages\/18\/revisions"}],"predecessor-version":[{"id":271,"href":"https:\/\/gepease.com.br\/anais2\/index.php\/wp-json\/wp\/v2\/pages\/18\/revisions\/271"}],"wp:attachment":[{"href":"https:\/\/gepease.com.br\/anais2\/index.php\/wp-json\/wp\/v2\/media?parent=18"}],"curies":[{"name":"wp","href":"https:\/\/api.w.org\/{rel}","templated":true}]}}