{"id":10,"date":"2021-01-04T18:06:04","date_gmt":"2021-01-04T21:06:04","guid":{"rendered":"https:\/\/gepease.com.br\/anais2\/?page_id=10"},"modified":"2021-02-27T22:45:47","modified_gmt":"2021-02-28T01:45:47","slug":"comissoes","status":"publish","type":"page","link":"https:\/\/gepease.com.br\/anais2\/index.php\/comissoes\/","title":{"rendered":"Comiss\u00f5es"},"content":{"rendered":"<p style=\"font-weight: 400;\"><strong>COMISS\u00c3O ORGANIZADORA<\/strong><\/p>\n<p style=\"font-weight: 400;\"><strong>Coordena\u00e7\u00e3o do Evento<\/strong><\/p>\n<p style=\"font-weight: 400;\">Profa. Dra. Maria\u00a0In\u00eaz\u00a0Oliveira Ara\u00fajo \u2013 DED\/DEADE\/NPGED\/SALA VERDE\/GEPEASE<\/p>\n<p style=\"font-weight: 400;\">Prof.\u00aa Msc.\u00a0\u00a0Ac\u00e1ssia Cristina Souza \u2013 DGE\/\u00a0SALA VERDE\/GEPEASE<\/p>\n<p style=\"font-weight: 400;\">Prof\u00aa.\u00a0M.Sc. Carla Jeane\u00a0Helfemsteller\u00a0Coelho<\/p>\n<p style=\"font-weight: 400;\">Prof\u00aa.\u00a0M.Sc. Maria Ivone Santana Melo\u00a0Paim<\/p>\n<p style=\"font-weight: 400;\">Prof. Esp.\u00a0Glauber\u00a0Barros Alves Costa<\/p>\n<p style=\"font-weight: 400;\">Prof\u00aa.\u00a0Esp.Viviane\u00a0Almeida Rezende<\/p>\n<p style=\"font-weight: 400;\">Prof\u00aa\u00a0Ann\u00a0Let\u00edcia Arag\u00e3o Guarany<\/p>\n<p style=\"font-weight: 400;\">Prof\u00aa.\u00a0Daniele Santana de Melo<\/p>\n<p style=\"font-weight: 400;\">Prof\u00aa. Maria Ivanilde Meneses de Oliveira<\/p>\n<p style=\"font-weight: 400;\">Prof\u00aa.\u00a0Tainan\u00a0Amorim Santana<\/p>\n<p style=\"font-weight: 400;\">Aline Lima de Oliveira<\/p>\n<p style=\"font-weight: 400;\">Alana\u00a0Danielly\u00a0Vasconcelos<\/p>\n<p style=\"font-weight: 400;\">Camilla Gentil Santana<\/p>\n<p style=\"font-weight: 400;\">Cherley\u00a0Jos\u00e9 da Silva<\/p>\n<p style=\"font-weight: 400;\">Juliana Barreto Silva Ara\u00fajo<\/p>\n<p style=\"font-weight: 400;\">M\u00f4nica Andrade Modesto<\/p>\n<p style=\"font-weight: 400;\">Thiago Roberto Soares Vieira<\/p>\n<p style=\"font-weight: 400;\">Vanderl\u00e9a\u00a0da Silva Cardoso<\/p>\n<table>\n<tbody>\n<tr>\n<td width=\"46\">\n<table width=\"100%\">\n<tbody>\n<tr>\n<td>01<\/td>\n<\/tr>\n<\/tbody>\n<\/table>\n<\/td>\n<\/tr>\n<\/tbody>\n<\/table>\n<p style=\"font-weight: 400;\"><strong>COMISS\u00c3O CI\u00caNT\u00cdFICA<\/strong><\/p>\n<p style=\"font-weight: 400;\">Prof. Dr. Alexandre de Gusm\u00e3o\u00a0Pedrini\u00a0<em>(UERJ)<\/em><\/p>\n<p style=\"font-weight: 400;\">Profa. Dra. Ana L\u00facia de Freitas\u00a0<em>(PUC-RS<\/em><\/p>\n<p style=\"font-weight: 400;\">Profa. Dra. Hayd\u00e9e Torres de Oliveira\u00a0<em>(UFSCar)<\/em><\/p>\n<p style=\"font-weight: 400;\">Profa. Dra. Isabel C. M. Carvalho\u00a0<em>(PPGEDU\/PUC-RS)<\/em><\/p>\n<p style=\"font-weight: 400;\">Profa. Dra. Laura Jane Gomes\u00a0<em>(DCF\/PRODEMA\/UFS)<\/em><\/p>\n<p style=\"font-weight: 400;\">Prof. Dr. Luiz Marcelo Carvalho\u00a0<em>(UNESP &#8211; Rio Claro)<\/em><\/p>\n<p style=\"font-weight: 400;\">Prof. Dr. Marcelo Luiz\u00a0Pelizzoli\u00a0<em>(UFPE)<\/em><\/p>\n<p style=\"font-weight: 400;\">Prof. Dr. Marco Antonio Leandro\u00a0Barzano\u00a0<em>(UEFS)<\/em><\/p>\n<p style=\"font-weight: 400;\">Profa. Dra. Maria Helena\u00a0Zucon\u00a0<em>(DBI-UFS<\/em>)<\/p>\n<p style=\"font-weight: 400;\">Profa. Dra. Maria\u00a0In\u00eaz\u00a0Oliveira Ara\u00fajo\u00a0<em>(DED)<\/em><\/p>\n<p style=\"font-weight: 400;\">Profa. Dra. Maria Jos\u00e9 Nascimento Soares\u00a0<em>(DED\/PRODEMA-UFS)<\/em><\/p>\n<p style=\"font-weight: 400;\">Profa. Dra. Martha Trist\u00e3o\u00a0<em>(UFES)<\/em><\/p>\n<p style=\"font-weight: 400;\">Prof. Dr. Miguel Angel Garcia Bordas\u00a0<em>(UFBA)<\/em><\/p>\n<p style=\"font-weight: 400;\">Prof. Dr. Paulo S\u00e9rgio\u00a0Maroti\u00a0<em>(Campus Itabaiana\/GEPEASE-UFS)<\/em><\/p>\n<p style=\"font-weight: 400;\">Prof. Dr. Renato Gomes Faria\u00a0<em>(DBI-UFS)<\/em><\/p>\n<p style=\"font-weight: 400;\">Profa. Dra.\u00a0Rosimeri\u00a0Melo e Souza\u00a0<em>(DGE\/PRODEMA\/GEOPLAN-UFS)<\/em><\/p>\n<p style=\"font-weight: 400;\">Profa.\u00a0MSc.\u00a0Acassia\u00a0Cristina Souza\u00a0<em>(DGE\/Sala Verde\/GEPEASE-UFS)<\/em><\/p>\n<p style=\"font-weight: 400;\">Profa.\u00a0MSc.\u00a0Alday\u00a0Souza\u00a0<em>(UESB-UNICAMP)<\/em><\/p>\n<p style=\"font-weight: 400;\">Profa.\u00a0MSc. Carla Jeane\u00a0Helfemsteller\u00a0Coelho\u00a0<em>(GEPEASE-UFBA)<\/em><\/p>\n<p style=\"font-weight: 400;\">Profa.\u00a0MSc. D\u00e9bora Evangelista Reis Oliveira\u00a0<em>(GEPEASE)<\/em><\/p>\n<p style=\"font-weight: 400;\">Profa.\u00a0MSc. Ivone Santana Melo\u00a0Paim\u00a0<em>(UVA- GEPEASE)<\/em><\/p>\n<p style=\"font-weight: 400;\">Profa.\u00a0MSc. N\u00e1dia Batista de Jesus\u00a0<em>(DED\/PRODEMA\/GEPEASE-UFS)<\/em><\/p>\n<p style=\"font-weight: 400;\">Profa. Dra. Maria Auxiliadora dos Santos\u00a0<em>(FAMA-UFS)<\/em><\/p>\n<p style=\"font-weight: 400;\">\n","protected":false},"excerpt":{"rendered":"<p>COMISS\u00c3O ORGANIZADORA Coordena\u00e7\u00e3o do Evento Profa. Dra. Maria\u00a0In\u00eaz\u00a0Oliveira Ara\u00fajo \u2013 DED\/DEADE\/NPGED\/SALA VERDE\/GEPEASE Prof.\u00aa Msc.\u00a0\u00a0Ac\u00e1ssia Cristina Souza \u2013 DGE\/\u00a0SALA VERDE\/GEPEASE Prof\u00aa.\u00a0M.Sc. Carla Jeane\u00a0Helfemsteller\u00a0Coelho Prof\u00aa.\u00a0M.Sc. Maria Ivone Santana Melo\u00a0Paim Prof. Esp.\u00a0Glauber\u00a0Barros Alves<\/p>\n","protected":false},"author":1,"featured_media":0,"parent":0,"menu_order":0,"comment_status":"closed","ping_status":"closed","template":"","meta":[],"_links":{"self":[{"href":"https:\/\/gepease.com.br\/anais2\/index.php\/wp-json\/wp\/v2\/pages\/10"}],"collection":[{"href":"https:\/\/gepease.com.br\/anais2\/index.php\/wp-json\/wp\/v2\/pages"}],"about":[{"href":"https:\/\/gepease.com.br\/anais2\/index.php\/wp-json\/wp\/v2\/types\/page"}],"author":[{"embeddable":true,"href":"https:\/\/gepease.com.br\/anais2\/index.php\/wp-json\/wp\/v2\/users\/1"}],"replies":[{"embeddable":true,"href":"https:\/\/gepease.com.br\/anais2\/index.php\/wp-json\/wp\/v2\/comments?post=10"}],"version-history":[{"count":3,"href":"https:\/\/gepease.com.br\/anais2\/index.php\/wp-json\/wp\/v2\/pages\/10\/revisions"}],"predecessor-version":[{"id":210,"href":"https:\/\/gepease.com.br\/anais2\/index.php\/wp-json\/wp\/v2\/pages\/10\/revisions\/210"}],"wp:attachment":[{"href":"https:\/\/gepease.com.br\/anais2\/index.php\/wp-json\/wp\/v2\/media?parent=10"}],"curies":[{"name":"wp","href":"https:\/\/api.w.org\/{rel}","templated":true}]}}