{"id":8,"date":"2021-01-04T00:34:13","date_gmt":"2021-01-04T03:34:13","guid":{"rendered":"https:\/\/gepease.com.br\/anais1\/?page_id=8"},"modified":"2021-01-04T20:04:09","modified_gmt":"2021-01-04T23:04:09","slug":"apresentacao","status":"publish","type":"page","link":"https:\/\/gepease.com.br\/anais1\/","title":{"rendered":"Apresenta\u00e7\u00e3o"},"content":{"rendered":"\r\n<p style=\"text-align: justify;\" align=\"justify\">O Encontro Sergipano de Educa\u00e7\u00e3o Ambiental promovido pelo Grupo de Estudos e Pesquisa em Educa\u00e7\u00e3o Ambiental de SE (GEPEASE) e pelo Projeto Sala Verde \u2013 UFS, a ser realizado no per\u00edodo de 10 \u00e0 13 de dezembro de 2008, prop\u00f5e a reflex\u00e3o sobre os Diferentes olhares e perspectivas em Educa\u00e7\u00e3o Ambiental nos \u00e2mbitos formal, n\u00e3o formal e informal no estado.<br \/>Pretende agregar pessoas que vem estudando, pesquisando, e trabalhando com Educa\u00e7\u00e3o Ambiental formal e n\u00e3o formal, e ou que tenham interesse na tem\u00e1tica a apresentarem suas propostas bem como participar de um momento de reflex\u00e3o coletiva na perspectiva de constru\u00e7\u00e3o de novos rumos \u00e0 atua\u00e7\u00e3o na Educa\u00e7\u00e3o Ambiental no estado de SE.<\/p>\r\n<p style=\"text-align: justify;\" align=\"justify\"><br \/>Em um contexto onde a sociedade vive uma crise de \u00e2mbito social, ambiental e moral, onde os princ\u00edpios da \u00e9tica que preserva a vida t\u00eam dado lugar aos crit\u00e9rios estabelecidos pela sociedade do consumo, e da fragmenta\u00e7\u00e3o, ocasionando cada vez mais a\u00e7\u00f5es que impactam o ambiente em que vivemos, consideramos que Sergipe, como todos os demais estados brasileiros necessita unir os diferentes segmentos da sociedade no intuito de propor a\u00e7\u00f5es, mudan\u00e7as no estilo de vida da sociedade e pol\u00edticas p\u00fablicas no sentido de promover mudan\u00e7as de paradigma ambiental.<\/p>\r\n<p style=\"text-align: justify;\" align=\"justify\"><br \/>O futuro de todos os seres vivos depende da mudan\u00e7a sobre como se vive no mundo hoje. Faz-se necess\u00e1rio ultrapassarmos o antropocentrismo e aprendermos atrav\u00e9s da alfabetiza\u00e7\u00e3o ecol\u00f3gica como viver em contato com a natureza n\u00e3o mais hierarquicamente, mas com a percep\u00e7\u00e3o de que fazemos parte de tudo o que \u00e9 vivo, reaprendendo a olhar para o planeta como gaia.<\/p>\r\n<p style=\"text-align: justify;\" align=\"justify\"><br \/>Considerando que a Educa\u00e7\u00e3o \u00e9 um dos principais caminhos \u00e0 este aprendizado, convidamos a todos (as) interessados (as) em participar do I Encontro Sergipano de Educa\u00e7\u00e3o Ambiental.<br \/>As discuss\u00f5es realizadas pelos especialistas e participantes do congresso, servir\u00e3o como base de propostas e projetos a serem desenvolvidos na Educa\u00e7\u00e3o Ambiental Formal (nas escolas e faculdades) e n\u00e3o formal (projetos nos diferentes segmentos sociais), bem como \u00e0s pol\u00edticas p\u00fablicas a serem encaminhadas ao poder legislativo do Estado para serem apreciadas e futuramente efetivadas pelo poder p\u00fablico. Neste sentido \u00e9 fundamental a participa\u00e7\u00e3o de todos (as) interessados (as), nesse evento a fim de construirmos coletivamente alternativas para a vida profissional e pessoal, al\u00e9m do fato de que cada um (uma) representa uma grande contribui\u00e7\u00e3o na mudan\u00e7a necess\u00e1ria.<\/p>\r\n\r\n\r\n\r\n<p style=\"text-align: justify;\"><strong>II &#8211; OBJETIVOS:<\/strong><\/p>\r\n<p style=\"text-align: justify;\"><br \/><strong>Objetivo Geral<\/strong><br \/>Ampliar o intercambio entre os diferentes segmentos da sociedade que se interessam pela educa\u00e7\u00e3o ambiental propondo a reflex\u00e3o sobre os Diferentes olhares e perspectivas em Educa\u00e7\u00e3o Ambiental nos \u00e2mbitos formal, n\u00e3o formal e informal no estado de Sergipe.<br \/>Dessa forma, o evento pretende agregar pessoas que vem estudando, pesquisando, e trabalhando com Educa\u00e7\u00e3o Ambiental formal e n\u00e3o formal, e interessados na tem\u00e1tica a apresentarem suas propostas bem como participar de uma reflex\u00e3o coletiva na perspectiva de constru\u00e7\u00e3o de novos rumos \u00e0 atua\u00e7\u00e3o na Educa\u00e7\u00e3o Ambiental no estado de Sergipe.<\/p>\r\n\r\n\r\n\r\n<p style=\"text-align: justify;\"><strong>Objetivos Espec\u00edficos<\/strong><br \/>\u2022 Discutir, analisar e divulgar trabalhos, projetos e experi\u00eancias na \u00e1rea da Educa\u00e7\u00e3o Ambiental;<br \/>\u2022 Aprofundar as discuss\u00f5es sobre as abordagens epistemol\u00f3gicas e metodol\u00f3gicas da Educa\u00e7\u00e3o Ambiental Formal, Informal e N\u00e3o formal;<br \/>\u2022 Identificar pr\u00e1ticas de pesquisa e projetos em Educa\u00e7\u00e3o Ambiental que v\u00eam sendo desenvolvidas no ensino formal e em outros espa\u00e7os institucionais e n\u00e3o-institucionais;<br \/>\u2022 Contribuir para a forma\u00e7\u00e3o te\u00f3rico-pr\u00e1tica em metodologias participativas e trocar informa\u00e7\u00f5es sobre a Educa\u00e7\u00e3o Ambiental em Sergipe entre os diversas \u00e1reas e profissionais presentes no encontro;<br \/>\u2022 Fomentar o interesse pela participa\u00e7\u00e3o em estudos e a\u00e7\u00f5es em Educa\u00e7\u00e3o Ambiental;<br \/>\u2022 Divulgar o Grupo de Ensino e Pesquisa em Educa\u00e7\u00e3o Ambiental de Sergipe, seus princ\u00edpios, projetos e participantes, bem como o trabalho de extens\u00e3o que \u00e9 realizado atrav\u00e9s do Projeto Sala Verde &#8211; parceria entre a UFS e o MMA.<\/p>\r\n","protected":false},"excerpt":{"rendered":"<p>O Encontro Sergipano de Educa\u00e7\u00e3o Ambiental promovido pelo Grupo de Estudos e Pesquisa em Educa\u00e7\u00e3o Ambiental de SE (GEPEASE) e pelo Projeto Sala Verde \u2013 UFS, a ser realizado no<\/p>\n","protected":false},"author":1,"featured_media":0,"parent":0,"menu_order":0,"comment_status":"closed","ping_status":"closed","template":"","meta":[],"_links":{"self":[{"href":"https:\/\/gepease.com.br\/anais1\/index.php\/wp-json\/wp\/v2\/pages\/8"}],"collection":[{"href":"https:\/\/gepease.com.br\/anais1\/index.php\/wp-json\/wp\/v2\/pages"}],"about":[{"href":"https:\/\/gepease.com.br\/anais1\/index.php\/wp-json\/wp\/v2\/types\/page"}],"author":[{"embeddable":true,"href":"https:\/\/gepease.com.br\/anais1\/index.php\/wp-json\/wp\/v2\/users\/1"}],"replies":[{"embeddable":true,"href":"https:\/\/gepease.com.br\/anais1\/index.php\/wp-json\/wp\/v2\/comments?post=8"}],"version-history":[{"count":10,"href":"https:\/\/gepease.com.br\/anais1\/index.php\/wp-json\/wp\/v2\/pages\/8\/revisions"}],"predecessor-version":[{"id":58,"href":"https:\/\/gepease.com.br\/anais1\/index.php\/wp-json\/wp\/v2\/pages\/8\/revisions\/58"}],"wp:attachment":[{"href":"https:\/\/gepease.com.br\/anais1\/index.php\/wp-json\/wp\/v2\/media?parent=8"}],"curies":[{"name":"wp","href":"https:\/\/api.w.org\/{rel}","templated":true}]}}