{"id":12,"date":"2021-01-04T18:06:32","date_gmt":"2021-01-04T21:06:32","guid":{"rendered":"https:\/\/gepease.com.br\/anais1\/?page_id=12"},"modified":"2021-02-08T18:00:13","modified_gmt":"2021-02-08T21:00:13","slug":"programacao","status":"publish","type":"page","link":"https:\/\/gepease.com.br\/anais1\/index.php\/programacao\/","title":{"rendered":"Programa\u00e7\u00e3o"},"content":{"rendered":"\r\n<p><strong>PROGRAMA\u00c7\u00c3O<\/strong><\/p>\r\n\r\n\r\n\r\n<p><strong><br \/><\/strong><strong>Dia 10\/12 (quarta-feira)<\/strong><\/p>\r\n\r\n\r\n\r\n<p><strong>14h00 \u201318h00 &#8211;\u00a0<\/strong><strong>Credenciamento<\/strong><br \/><strong>19h00<\/strong>\u00a0<strong>\u2013 Abertura: apresenta\u00e7\u00e3o do Coral da UFS<\/strong><br \/><strong>19h15\u00a0<\/strong><strong>\u2013\u00a0<\/strong><strong>Abertura oficial<\/strong><strong>20h00<\/strong><strong>\u00a0\u2013 Confer\u00eancia de Abertura<\/strong><br \/>EA em Sergipe: diferentes olhares e perspectivas.<br \/>Coord.:\u00a0Prof\u00aa Dra.\u00a0Maria In\u00eaz Oliveira Araujo<br \/><strong>Palestrante:<\/strong>\u00a0Prof. Dr. Marcos\u00a0Sorrentino\u00a0\u2013 ESALQ &#8211; Piracicaba<br \/>Local: Audit\u00f3rio da Reitoria<\/p>\r\n\r\n\r\n\r\n<p><strong>Dia 11\/12 (quinta-feira)<\/strong><\/p>\r\n\r\n\r\n\r\n<p><strong>08h00<\/strong>\u00a0\u2013 Mesa\u00a0Redonda.Tema: Educa\u00e7\u00e3o Ambiental N\u00e3o Formal.<br \/>Coord.: Dr. Paulo S\u00e9rgio Maroti &#8211; UFS\/Itabaiana<br \/><strong>Professores:<br \/><\/strong>Dr. Marcelo Luiz\u00a0Pelizzoli\u00a0&#8211; UFPE<br \/>Dr. Marco Antonio Leandro\u00a0Barzano\u00a0&#8211; UEFS<br \/>Dr. Cristiano Leite Parente &#8211;\u00a0Coord.\u00a0de Meio Ambiente da PETROBRAS<br \/>Local: Audit\u00f3rio da Reitoria<br \/><strong>10h00\u00a0<\/strong>\u2013 Feira de Trocas \u2013 Coord.: Thomas\u00a0Enlazador\u00a0&#8211; UFPE<strong>12h00 \u2013\u00a0<\/strong>Intervalo para Almo\u00e7o<br \/><strong>14h00 \u00e0s 18h00-\u00a0<\/strong>Mini-cursos<br \/><strong>18h00 \u00e1s 22h00<\/strong>&#8211; Mini-cursos<\/p>\r\n\r\n\r\n\r\n<p>\u00a0<strong>Dia 12\/12 (sexta-feira)<\/strong><\/p>\r\n\r\n\r\n\r\n<p><strong>08h00<\/strong>\u00a0\u2013\u00a0<strong>09h30 &#8211;\u00a0<\/strong>Comunica\u00e7\u00f5es Orais<br \/><strong>10h00 \u2013<\/strong>\u00a0Mesa Redonda.\u00a0\u00a0\u00a0Tema: Educa\u00e7\u00e3o Ambiental Formal<br \/>Coorda.:\u00a0Prof\u00aa.\u00a0M.Sc. Carla Jeane Helfemsteller Coelho<br \/><strong>Professores:<br \/><\/strong>M.Sc.\u00a0Alday\u00a0Souza \u2013 UESB\/UNICAMP<br \/>Dr. Miguel Angel Garcia Bordas &#8211; UFBA<br \/>Dra. Myrna F. Landim &#8211; DBI\/GEPEASE<br \/>Local: Audit\u00f3rio da Reitoria<br \/><strong>12h00 &#8211;\u00a0<\/strong>Intervalo para Almo\u00e7o<strong>14h00 \u00e0s 18h00 &#8211;\u00a0<\/strong>Mini-cursos<br \/><strong>18h00 \u00e1s 22h00<\/strong>&#8211; Mini-cursos<\/p>\r\n\r\n\r\n\r\n<p><strong>\u00a0\u00a0Dia 13\/12 (s\u00e1bado)<\/strong><\/p>\r\n\r\n\r\n\r\n<p><strong>08h00\u00a0<\/strong>\u2013\u00a0\u00a009h30 Comunica\u00e7\u00f5es em Pain\u00e9is<br \/><strong>10h00<\/strong>\u00a0\u2013 Mesa Redonda. Tema: Perspectivas da Educa\u00e7\u00e3o Ambiental em Sergipe<br \/>Coorda.:\u00a0Prof\u00aa.\u00a0M.Sc. Ac\u00e1ssia Cristina Souza &#8211;\u00a0DGE\/\/SALA VERDE\/GEPEASE<br \/><strong>Professores:<br \/><\/strong>Dra. Hort\u00eancia Maria Pereira Araujo &#8211; SEED<br \/>MSc.\u00a0L\u00edcio\u00a0Val\u00e9rio Menezes &#8211; SEMARH<br \/>Dra. Maria Augusta\u00a0Mundim\u00a0Vargas &#8211; UFS\/PROEX<br \/>Local: Audit\u00f3rio da Reitoria<br \/><strong>11h30\u00a0<\/strong>&#8211; Encerramento<br \/><strong>12h00<\/strong>\u00a0\u2013 Almo\u00e7o cultural<\/p>\r\n\r\n\r\n\r\n<p><strong>Mini-cursos: 11\/12 a 12\/12\/08<\/strong><\/p>\r\n\r\n\r\n\r\n<p><strong><u>14h00 \u2013 18h00<\/u><\/strong><\/p>\r\n\r\n\r\n\r\n<p><u><\/u><strong>01<\/strong>&#8211; Elabora\u00e7\u00e3o de projetos em EA para escolas.<br \/>&#8230; ..Prof\u00aa. Dra. Myrna F. Landim<\/p>\r\n\r\n\r\n\r\n<p><strong>02-<\/strong>\u00a0Percep\u00e7\u00e3o Ambiental.<br \/>&#8230; ..Prof. Dr. Paulo\u00a0S\u00e9rgio\u00a0Maroti<\/p>\r\n\r\n\r\n\r\n<p><strong>03-<\/strong>\u00a0Educa\u00e7\u00e3o Ambiental: fundamentos, discursos e pr\u00e1ticas<br \/>&#8230; ..Prof\u00aa.\u00a0M.Sc. Ac\u00e1ssia Cristina Souza<\/p>\r\n\r\n\r\n\r\n<p><strong>04-<\/strong>\u00a0Jogos, din\u00e2micas e viv\u00eancias para a Educa\u00e7\u00e3o Ambiental na escola.<br \/>&#8230; &#8230;Prof\u00aa. Esp. Viviane Almeida Rezende<\/p>\r\n\r\n\r\n\r\n<p><strong>05<\/strong>\u00a0&#8211;\u00a0Educa\u00e7\u00e3o\u00a0Ambiental em Unidades de Conserva\u00e7\u00e3o<br \/>&#8230; . .Prof. Esp. Fabr\u00edcio\u00a0Pimental\u00a0S. Mateus<\/p>\r\n\r\n\r\n\r\n<p><strong>06-<\/strong>\u00a0Saneamento B\u00e1sico: hist\u00f3ria e abordagem em diferentes artefatos.<br \/>&#8230; ..Prof.\u00a0Marco Antonio Leandro\u00a0Barzano<\/p>\r\n\r\n\r\n\r\n<p><strong>07-<\/strong>\u00a0Educa\u00e7\u00e3o\u00a0dial\u00f3gica\u00a0em Paulo Freire<br \/>&#8230; ..Prof\u00aa.\u00a0Dra. Ana L\u00facia de Freitas<\/p>\r\n\r\n\r\n\r\n<p><strong><u>18h00-22h00<\/u><\/strong><\/p>\r\n\r\n\r\n\r\n<p><strong>08-<\/strong>\u00a0Elabora\u00e7\u00e3o\u00a0de projetos em EA para escolas<br \/>&#8230; ..Prof\u00aa. N\u00e1dia Batista de Jesus<\/p>\r\n\r\n\r\n\r\n<p><strong>09-<\/strong>\u00a0A import\u00e2ncia da aprendizagem significativa nas atividades de Educa\u00e7\u00e3o<br \/>&#8230;&#8230;Ambiental:<br \/>&#8230;&#8230;Prof\u00aa.\u00a0M.Sc. D\u00e9bora Evangelista Reis<\/p>\r\n\r\n\r\n\r\n<p><strong>10-<\/strong>\u00a0Educa\u00e7\u00e3o\u00a0Bioc\u00eantrica:<br \/>&#8230;&#8230;Prof\u00aa.\u00a0M.Sc. Carla Jeane Helfemsteller Coelho<\/p>\r\n\r\n\r\n\r\n<p><strong>11<\/strong>&#8211; Educa\u00e7\u00e3o Ambiental e\u00a0Protagonismo\u00a0Juvenil:<br \/>&#8230;&#8230;Prof.\u00a0Jos\u00e9\u00a0Waldson\u00a0de Andrade e Thiago\u00a0R.\u00a0Soares Vieira<\/p>\r\n\r\n\r\n\r\n<p><strong>12<\/strong>&#8211;\u00a0Educomunica\u00e7\u00e3o:<br \/>&#8230;&#8230;Prof.\u00a0M.Sc. Matheus\u00a0Felizola<\/p>\r\n\r\n\r\n\r\n<p><strong>13<\/strong>&#8211; Metodologias Participativas para a Educa\u00e7\u00e3o Ambiental<br \/>&#8230;&#8230;Prof\u00aa.\u00a0Danielle Dutra<\/p>\r\n\r\n\r\n\r\n<p><strong>14<\/strong>&#8211; Educa\u00e7\u00e3o Ambiental no Licenciamento.<br \/>&#8230;&#8230;\u00a0Prof\u00aa.\u00a0\u00a0Elaine Cristina<\/p>\r\n","protected":false},"excerpt":{"rendered":"<p>PROGRAMA\u00c7\u00c3O Dia 10\/12 (quarta-feira) 14h00 \u201318h00 &#8211;\u00a0Credenciamento19h00\u00a0\u2013 Abertura: apresenta\u00e7\u00e3o do Coral da UFS19h15\u00a0\u2013\u00a0Abertura oficial20h00\u00a0\u2013 Confer\u00eancia de AberturaEA em Sergipe: diferentes olhares e perspectivas.Coord.:\u00a0Prof\u00aa Dra.\u00a0Maria In\u00eaz Oliveira AraujoPalestrante:\u00a0Prof. Dr. Marcos\u00a0Sorrentino\u00a0\u2013 ESALQ<\/p>\n","protected":false},"author":1,"featured_media":0,"parent":0,"menu_order":0,"comment_status":"closed","ping_status":"closed","template":"","meta":[],"_links":{"self":[{"href":"https:\/\/gepease.com.br\/anais1\/index.php\/wp-json\/wp\/v2\/pages\/12"}],"collection":[{"href":"https:\/\/gepease.com.br\/anais1\/index.php\/wp-json\/wp\/v2\/pages"}],"about":[{"href":"https:\/\/gepease.com.br\/anais1\/index.php\/wp-json\/wp\/v2\/types\/page"}],"author":[{"embeddable":true,"href":"https:\/\/gepease.com.br\/anais1\/index.php\/wp-json\/wp\/v2\/users\/1"}],"replies":[{"embeddable":true,"href":"https:\/\/gepease.com.br\/anais1\/index.php\/wp-json\/wp\/v2\/comments?post=12"}],"version-history":[{"count":3,"href":"https:\/\/gepease.com.br\/anais1\/index.php\/wp-json\/wp\/v2\/pages\/12\/revisions"}],"predecessor-version":[{"id":166,"href":"https:\/\/gepease.com.br\/anais1\/index.php\/wp-json\/wp\/v2\/pages\/12\/revisions\/166"}],"wp:attachment":[{"href":"https:\/\/gepease.com.br\/anais1\/index.php\/wp-json\/wp\/v2\/media?parent=12"}],"curies":[{"name":"wp","href":"https:\/\/api.w.org\/{rel}","templated":true}]}}